{"id":93,"date":"2022-02-28T11:48:43","date_gmt":"2022-02-28T11:48:43","guid":{"rendered":"https:\/\/galardi-group.com\/?page_id=93"},"modified":"2023-10-18T17:50:53","modified_gmt":"2023-10-18T15:50:53","slug":"servizio-operazioni-doganali","status":"publish","type":"page","link":"https:\/\/galardi-group.com\/pt\/servizi\/customs-services\/servizio-operazioni-doganali\/","title":{"rendered":"Servi\u00e7o de Opera\u00e7\u00f5es Aduaneiras"},"content":{"rendered":"<p>[et_pb_section fb_built=&#8221;1&#8243; fullwidth=&#8221;on&#8221; _builder_version=&#8221;4.16&#8243; _module_preset=&#8221;default&#8221; da_disable_devices=&#8221;off|off|off&#8221; global_colors_info=&#8221;{}&#8221; da_is_popup=&#8221;off&#8221; da_exit_intent=&#8221;off&#8221; da_has_close=&#8221;on&#8221; da_alt_close=&#8221;off&#8221; da_dark_close=&#8221;off&#8221; da_not_modal=&#8221;on&#8221; da_is_singular=&#8221;off&#8221; da_with_loader=&#8221;off&#8221; da_has_shadow=&#8221;on&#8221;][et_pb_fullwidth_image src=&#8221;https:\/\/galardi-group.com\/wp-content\/uploads\/2022\/05\/Banner-customs.jpg&#8221; title_text=&#8221;Banner-customs&#8221; _builder_version=&#8221;4.17.1&#8243; _module_preset=&#8221;default&#8221; global_colors_info=&#8221;{}&#8221;][\/et_pb_fullwidth_image][\/et_pb_section][et_pb_section fb_built=&#8221;1&#8243; _builder_version=&#8221;4.16&#8243; _module_preset=&#8221;default&#8221; custom_padding=&#8221;35px|||||&#8221; da_disable_devices=&#8221;off|off|off&#8221; global_colors_info=&#8221;{}&#8221; da_is_popup=&#8221;off&#8221; da_exit_intent=&#8221;off&#8221; da_has_close=&#8221;on&#8221; da_alt_close=&#8221;off&#8221; da_dark_close=&#8221;off&#8221; da_not_modal=&#8221;on&#8221; da_is_singular=&#8221;off&#8221; da_with_loader=&#8221;off&#8221; da_has_shadow=&#8221;on&#8221;][et_pb_row column_structure=&#8221;2_3,1_3&#8243; _builder_version=&#8221;4.16&#8243; _module_preset=&#8221;default&#8221; custom_padding=&#8221;2px||2px|||&#8221; global_colors_info=&#8221;{}&#8221;][et_pb_column type=&#8221;2_3&#8243; _builder_version=&#8221;4.16&#8243; _module_preset=&#8221;default&#8221; global_colors_info=&#8221;{}&#8221;][et_pb_text _builder_version=&#8221;4.21.0&#8243; _module_preset=&#8221;default&#8221; text_font=&#8221;Roboto|700|||||||&#8221; text_text_color=&#8221;#164194&#8243; text_font_size=&#8221;30px&#8221; text_line_height=&#8221;1.4em&#8221; header_font=&#8221;|||on|||||&#8221; header_text_align=&#8221;center&#8221; header_text_color=&#8221;#164194&#8243; text_orientation=&#8221;center&#8221; custom_margin=&#8221;||16px|||&#8221; global_colors_info=&#8221;{}&#8221;]<\/p>\n<h1 style=\"text-align: left;\"><b>Operazioni Doganali<\/b><\/h1>\n<p>[\/et_pb_text][et_pb_text disabled_on=&#8221;on|on|on&#8221; _builder_version=&#8221;4.21.0&#8243; _module_preset=&#8221;default&#8221; text_font=&#8221;Roboto|700|||||||&#8221; text_text_color=&#8221;#164194&#8243; text_font_size=&#8221;30px&#8221; text_line_height=&#8221;1.4em&#8221; header_font=&#8221;|||on|||||&#8221; header_text_align=&#8221;center&#8221; header_text_color=&#8221;#164194&#8243; header_3_font=&#8221;Roboto||||||||&#8221; header_3_text_align=&#8221;left&#8221; header_3_text_color=&#8221;#164194&#8243; text_orientation=&#8221;center&#8221; custom_margin=&#8221;||16px||false|false&#8221; disabled=&#8221;on&#8221; global_colors_info=&#8221;{}&#8221;]<\/p>\n<h3 style=\"text-align: left;\"><b>Operazioni Doganali<\/b><\/h3>\n<p>[\/et_pb_text][et_pb_text _builder_version=&#8221;4.21.0&#8243; _module_preset=&#8221;default&#8221; text_font=&#8221;Roboto||||||||&#8221; text_text_color=&#8221;#164194&#8243; header_font=&#8221;Roboto||||||||&#8221; header_text_color=&#8221;#164194&#8243; custom_margin=&#8221;||||false|false&#8221; custom_padding=&#8221;||||false|false&#8221; hover_enabled=&#8221;0&#8243; global_colors_info=&#8221;{}&#8221; sticky_enabled=&#8221;0&#8243;]<\/p>\n<p>Quando si opera con il mercato estero, \u00e8 importante una corretta e rapida gestione delle pratiche doganali per poter essere competitivi nei rapporti commerciali. In caso di spedizioni internazionali, Galardi Group si occupa della gestione professionale delle pratiche doganali. Una pluriennale esperienza nel settore che permette di valicare i confini con le merci in sicurezza e tranquillit\u00e0.<\/p>\n<p>[\/et_pb_text][\/et_pb_column][et_pb_column type=&#8221;1_3&#8243; _builder_version=&#8221;4.16&#8243; _module_preset=&#8221;default&#8221; global_colors_info=&#8221;{}&#8221;][et_pb_image src=&#8221;https:\/\/galardi-group.com\/wp-content\/uploads\/2022\/11\/Richiedi-tariffa-quotazione.jpg&#8221; title_text=&#8221;Richiedi-tariffa-quotazione&#8221; align=&#8221;center&#8221; disabled_on=&#8221;on|on|off&#8221; _builder_version=&#8221;4.19.5&#8243; _module_preset=&#8221;default&#8221; custom_margin=&#8221;||||false|false&#8221; global_colors_info=&#8221;{}&#8221;][\/et_pb_image][\/et_pb_column][\/et_pb_row][et_pb_row column_structure=&#8221;1_3,1_3,1_3&#8243; disabled_on=&#8221;on|on|off&#8221; _builder_version=&#8221;4.19.5&#8243; _module_preset=&#8221;default&#8221; custom_margin=&#8221;25px|auto||auto||&#8221; custom_padding=&#8221;1px|||||&#8221; global_colors_info=&#8221;{}&#8221;][et_pb_column type=&#8221;1_3&#8243; _builder_version=&#8221;4.19.5&#8243; _module_preset=&#8221;default&#8221; global_colors_info=&#8221;{}&#8221;][et_pb_button button_url=&#8221;https:\/\/galardi-group.com\/richiesta-tariffa\/&#8221; button_text=&#8221;CHIEDI ORA LA TUA TARIFFA&#8221; button_alignment=&#8221;center&#8221; _builder_version=&#8221;4.19.5&#8243; _module_preset=&#8221;default&#8221; custom_button=&#8221;on&#8221; button_text_size=&#8221;17px&#8221; button_text_color=&#8221;#FFFFFF&#8221; button_bg_color=&#8221;#e74f1c&#8221; button_border_width=&#8221;0px&#8221; button_font=&#8221;Roboto||||||||&#8221; button_icon=&#8221;&#x35;||divi||400&#8243; custom_margin=&#8221;|||0px|false|false&#8221; custom_padding=&#8221;||||false|false&#8221; global_colors_info=&#8221;{}&#8221; button_bg_color__hover=&#8221;#164194&#8243; button_bg_color__hover_enabled=&#8221;on|hover&#8221;][\/et_pb_button][\/et_pb_column][et_pb_column type=&#8221;1_3&#8243; _builder_version=&#8221;4.19.5&#8243; _module_preset=&#8221;default&#8221; global_colors_info=&#8221;{}&#8221;][et_pb_button button_url=&#8221;https:\/\/galardi-group.com\/richiesta-Quotazione&#8221; button_text=&#8221;CHIEDI LA TUA QUOTAZIONE&#8221; button_alignment=&#8221;center&#8221; _builder_version=&#8221;4.19.5&#8243; _module_preset=&#8221;default&#8221; custom_button=&#8221;on&#8221; button_text_size=&#8221;17px&#8221; button_text_color=&#8221;#FFFFFF&#8221; button_bg_color=&#8221;#e74f1c&#8221; button_border_width=&#8221;0px&#8221; button_font=&#8221;Roboto||||||||&#8221; button_icon=&#8221;&#x35;||divi||400&#8243; custom_margin=&#8221;|||0px|false|false&#8221; custom_padding=&#8221;||||false|false&#8221; global_colors_info=&#8221;{}&#8221; button_bg_color__hover=&#8221;#164194&#8243; button_bg_color__hover_enabled=&#8221;on|hover&#8221;][\/et_pb_button][\/et_pb_column][et_pb_column type=&#8221;1_3&#8243; _builder_version=&#8221;4.19.5&#8243; _module_preset=&#8221;default&#8221; global_colors_info=&#8221;{}&#8221;][\/et_pb_column][\/et_pb_row][et_pb_row column_structure=&#8221;1_2,1_2&#8243; disabled_on=&#8221;off|off|on&#8221; _builder_version=&#8221;4.20.2&#8243; _module_preset=&#8221;default&#8221; custom_padding=&#8221;3px|||||&#8221; global_colors_info=&#8221;{}&#8221;][et_pb_column type=&#8221;1_2&#8243; _builder_version=&#8221;4.20.2&#8243; _module_preset=&#8221;default&#8221; global_colors_info=&#8221;{}&#8221;][et_pb_button button_url=&#8221;https:\/\/galardi-group.com\/richiesta-tariffa\/&#8221; button_text=&#8221;CHIEDI ORA LA TUA TARIFFA&#8221; button_alignment=&#8221;center&#8221; _builder_version=&#8221;4.19.5&#8243; _module_preset=&#8221;default&#8221; custom_button=&#8221;on&#8221; button_text_size=&#8221;17px&#8221; button_text_color=&#8221;#FFFFFF&#8221; button_bg_color=&#8221;#e74f1c&#8221; button_border_width=&#8221;0px&#8221; button_font=&#8221;Roboto||||||||&#8221; button_icon=&#8221;&#x35;||divi||400&#8243; custom_margin=&#8221;|||0px|false|false&#8221; custom_padding=&#8221;||||false|false&#8221; global_colors_info=&#8221;{}&#8221; button_bg_color__hover=&#8221;#164194&#8243; button_bg_color__hover_enabled=&#8221;on|hover&#8221;][\/et_pb_button][\/et_pb_column][et_pb_column type=&#8221;1_2&#8243; _builder_version=&#8221;4.20.2&#8243; _module_preset=&#8221;default&#8221; global_colors_info=&#8221;{}&#8221;][et_pb_button button_url=&#8221;https:\/\/galardi-group.com\/richiesta-Quotazione&#8221; button_text=&#8221;CHIEDI LA TUA QUOTAZIONE&#8221; button_alignment=&#8221;center&#8221; _builder_version=&#8221;4.19.5&#8243; _module_preset=&#8221;default&#8221; custom_button=&#8221;on&#8221; button_text_size=&#8221;17px&#8221; button_text_color=&#8221;#FFFFFF&#8221; button_bg_color=&#8221;#e74f1c&#8221; button_border_width=&#8221;0px&#8221; button_font=&#8221;Roboto||||||||&#8221; button_icon=&#8221;&#x35;||divi||400&#8243; custom_margin=&#8221;|||0px|false|false&#8221; custom_padding=&#8221;||||false|false&#8221; global_colors_info=&#8221;{}&#8221; button_bg_color__hover=&#8221;#164194&#8243; button_bg_color__hover_enabled=&#8221;on|hover&#8221;][\/et_pb_button][\/et_pb_column][\/et_pb_row][\/et_pb_section][et_pb_section fb_built=&#8221;1&#8243; _builder_version=&#8221;4.16&#8243; _module_preset=&#8221;default&#8221; custom_padding=&#8221;||60px|||&#8221; da_disable_devices=&#8221;off|off|off&#8221; locked=&#8221;off&#8221; global_colors_info=&#8221;{}&#8221; da_is_popup=&#8221;off&#8221; da_exit_intent=&#8221;off&#8221; da_has_close=&#8221;on&#8221; da_alt_close=&#8221;off&#8221; da_dark_close=&#8221;off&#8221; da_not_modal=&#8221;on&#8221; da_is_singular=&#8221;off&#8221; da_with_loader=&#8221;off&#8221; da_has_shadow=&#8221;on&#8221;][et_pb_row _builder_version=&#8221;4.16&#8243; _module_preset=&#8221;default&#8221; custom_margin=&#8221;-55px|auto||auto||&#8221; global_colors_info=&#8221;{}&#8221;][et_pb_column type=&#8221;4_4&#8243; _builder_version=&#8221;4.16&#8243; _module_preset=&#8221;default&#8221; global_colors_info=&#8221;{}&#8221;][et_pb_gallery gallery_ids=&#8221;1954&#8243; fullwidth=&#8221;on&#8221; _builder_version=&#8221;4.17.1&#8243; _module_preset=&#8221;default&#8221; custom_margin=&#8221;-22px|||||&#8221; global_colors_info=&#8221;{}&#8221;][\/et_pb_gallery][\/et_pb_column][\/et_pb_row][\/et_pb_section]<\/p>\n","protected":false},"excerpt":{"rendered":"<p>Operazioni DoganaliOperazioni DoganaliQuando si opera con il mercato estero, \u00e8 importante una corretta e rapida gestione delle pratiche doganali per poter essere competitivi nei rapporti commerciali. In caso di spedizioni internazionali, Galardi Group si occupa della gestione professionale delle pratiche doganali. Una pluriennale esperienza nel settore che permette di valicare i confini con le merci [&hellip;]<\/p>\n","protected":false},"author":2,"featured_media":0,"parent":849,"menu_order":0,"comment_status":"closed","ping_status":"closed","template":"","meta":{"_et_pb_use_builder":"on","_et_pb_old_content":"","_et_gb_content_width":"","footnotes":""},"class_list":["post-93","page","type-page","status-publish","hentry"],"yoast_head":"<!-- This site is optimized with the Yoast SEO plugin v27.3 - https:\/\/yoast.com\/product\/yoast-seo-wordpress\/ -->\n<title>Servizio Operazioni doganali | Galardi Group<\/title>\n<meta name=\"description\" content=\"Gestiamo rapidamente e in modo corretto tutte le pratiche doganali per poter essere competitivi nei rapporti commerciali. Scopri come.\" \/>\n<meta name=\"robots\" content=\"index, follow, max-snippet:-1, max-image-preview:large, max-video-preview:-1\" \/>\n<link rel=\"canonical\" href=\"https:\/\/galardi-group.com\/pt\/servizi\/customs-services\/servizio-operazioni-doganali\/\" \/>\n<meta property=\"og:locale\" content=\"pt_PT\" \/>\n<meta property=\"og:type\" content=\"article\" \/>\n<meta property=\"og:title\" content=\"Servizio Operazioni doganali | Galardi Group\" \/>\n<meta property=\"og:description\" content=\"Gestiamo rapidamente e in modo corretto tutte le pratiche doganali per poter essere competitivi nei rapporti commerciali. Scopri come.\" \/>\n<meta property=\"og:url\" content=\"https:\/\/galardi-group.com\/pt\/servizi\/customs-services\/servizio-operazioni-doganali\/\" \/>\n<meta property=\"og:site_name\" content=\"Galardi Group\" \/>\n<meta property=\"article:publisher\" content=\"https:\/\/www.facebook.com\/galardigruppo\" \/>\n<meta property=\"article:modified_time\" content=\"2023-10-18T15:50:53+00:00\" \/>\n<meta name=\"twitter:card\" content=\"summary_large_image\" \/>\n<meta name=\"twitter:label1\" content=\"Tempo estimado de leitura\" \/>\n\t<meta name=\"twitter:data1\" content=\"2 minutos\" \/>\n<script type=\"application\/ld+json\" class=\"yoast-schema-graph\">{\"@context\":\"https:\\\/\\\/schema.org\",\"@graph\":[{\"@type\":\"WebPage\",\"@id\":\"https:\\\/\\\/galardi-group.com\\\/servizi\\\/customs-services\\\/servizio-operazioni-doganali\\\/\",\"url\":\"https:\\\/\\\/galardi-group.com\\\/servizi\\\/customs-services\\\/servizio-operazioni-doganali\\\/\",\"name\":\"Servizio Operazioni doganali | Galardi Group\",\"isPartOf\":{\"@id\":\"https:\\\/\\\/galardi-group.com\\\/#website\"},\"datePublished\":\"2022-02-28T11:48:43+00:00\",\"dateModified\":\"2023-10-18T15:50:53+00:00\",\"description\":\"Gestiamo rapidamente e in modo corretto tutte le pratiche doganali per poter essere competitivi nei rapporti commerciali. Scopri come.\",\"breadcrumb\":{\"@id\":\"https:\\\/\\\/galardi-group.com\\\/servizi\\\/customs-services\\\/servizio-operazioni-doganali\\\/#breadcrumb\"},\"inLanguage\":\"pt-PT\",\"potentialAction\":[{\"@type\":\"ReadAction\",\"target\":[\"https:\\\/\\\/galardi-group.com\\\/servizi\\\/customs-services\\\/servizio-operazioni-doganali\\\/\"]}]},{\"@type\":\"BreadcrumbList\",\"@id\":\"https:\\\/\\\/galardi-group.com\\\/servizi\\\/customs-services\\\/servizio-operazioni-doganali\\\/#breadcrumb\",\"itemListElement\":[{\"@type\":\"ListItem\",\"position\":1,\"name\":\"Home\",\"item\":\"https:\\\/\\\/galardi-group.com\\\/\"},{\"@type\":\"ListItem\",\"position\":2,\"name\":\"Servizi\",\"item\":\"https:\\\/\\\/galardi-group.com\\\/servizi\\\/\"},{\"@type\":\"ListItem\",\"position\":3,\"name\":\"Customs Services\",\"item\":\"https:\\\/\\\/galardi-group.com\\\/servizi\\\/customs-services\\\/\"},{\"@type\":\"ListItem\",\"position\":4,\"name\":\"Servizio Operazioni doganali\"}]},{\"@type\":\"WebSite\",\"@id\":\"https:\\\/\\\/galardi-group.com\\\/#website\",\"url\":\"https:\\\/\\\/galardi-group.com\\\/\",\"name\":\"Galardi Group\",\"description\":\"Spedizioni internazionali\",\"publisher\":{\"@id\":\"https:\\\/\\\/galardi-group.com\\\/#organization\"},\"potentialAction\":[{\"@type\":\"SearchAction\",\"target\":{\"@type\":\"EntryPoint\",\"urlTemplate\":\"https:\\\/\\\/galardi-group.com\\\/?s={search_term_string}\"},\"query-input\":{\"@type\":\"PropertyValueSpecification\",\"valueRequired\":true,\"valueName\":\"search_term_string\"}}],\"inLanguage\":\"pt-PT\"},{\"@type\":\"Organization\",\"@id\":\"https:\\\/\\\/galardi-group.com\\\/#organization\",\"name\":\"Galardi Group Freight Forwarding Logistics\",\"url\":\"https:\\\/\\\/galardi-group.com\\\/\",\"logo\":{\"@type\":\"ImageObject\",\"inLanguage\":\"pt-PT\",\"@id\":\"https:\\\/\\\/galardi-group.com\\\/#\\\/schema\\\/logo\\\/image\\\/\",\"url\":\"https:\\\/\\\/i0.wp.com\\\/galardi-group.com\\\/wp-content\\\/uploads\\\/2022\\\/04\\\/Galardi-Group-logo-b.png?fit=1029%2C251&ssl=1\",\"contentUrl\":\"https:\\\/\\\/i0.wp.com\\\/galardi-group.com\\\/wp-content\\\/uploads\\\/2022\\\/04\\\/Galardi-Group-logo-b.png?fit=1029%2C251&ssl=1\",\"width\":1029,\"height\":251,\"caption\":\"Galardi Group Freight Forwarding Logistics\"},\"image\":{\"@id\":\"https:\\\/\\\/galardi-group.com\\\/#\\\/schema\\\/logo\\\/image\\\/\"},\"sameAs\":[\"https:\\\/\\\/www.facebook.com\\\/galardigruppo\",\"https:\\\/\\\/www.instagram.com\\\/galardi_group\\\/\",\"https:\\\/\\\/www.linkedin.com\\\/company\\\/galardi-s.r.l.\"]}]}<\/script>\n<!-- \/ Yoast SEO plugin. -->","yoast_head_json":{"title":"Servi\u00e7o de Opera\u00e7\u00f5es Aduaneiras | Grupo Galardi","description":"Tratamos de toda a documenta\u00e7\u00e3o aduaneira de forma r\u00e1pida e correcta para sermos competitivos nas rela\u00e7\u00f5es comerciais. Saiba como.","robots":{"index":"index","follow":"follow","max-snippet":"max-snippet:-1","max-image-preview":"max-image-preview:large","max-video-preview":"max-video-preview:-1"},"canonical":"https:\/\/galardi-group.com\/pt\/servizi\/customs-services\/servizio-operazioni-doganali\/","og_locale":"pt_PT","og_type":"article","og_title":"Servizio Operazioni doganali | Galardi Group","og_description":"Gestiamo rapidamente e in modo corretto tutte le pratiche doganali per poter essere competitivi nei rapporti commerciali. Scopri come.","og_url":"https:\/\/galardi-group.com\/pt\/servizi\/customs-services\/servizio-operazioni-doganali\/","og_site_name":"Galardi Group","article_publisher":"https:\/\/www.facebook.com\/galardigruppo","article_modified_time":"2023-10-18T15:50:53+00:00","twitter_card":"summary_large_image","twitter_misc":{"Tempo estimado de leitura":"2 minutos"},"schema":{"@context":"https:\/\/schema.org","@graph":[{"@type":"WebPage","@id":"https:\/\/galardi-group.com\/servizi\/customs-services\/servizio-operazioni-doganali\/","url":"https:\/\/galardi-group.com\/servizi\/customs-services\/servizio-operazioni-doganali\/","name":"Servi\u00e7o de Opera\u00e7\u00f5es Aduaneiras | Grupo Galardi","isPartOf":{"@id":"https:\/\/galardi-group.com\/#website"},"datePublished":"2022-02-28T11:48:43+00:00","dateModified":"2023-10-18T15:50:53+00:00","description":"Tratamos de toda a documenta\u00e7\u00e3o aduaneira de forma r\u00e1pida e correcta para sermos competitivos nas rela\u00e7\u00f5es comerciais. Saiba como.","breadcrumb":{"@id":"https:\/\/galardi-group.com\/servizi\/customs-services\/servizio-operazioni-doganali\/#breadcrumb"},"inLanguage":"pt-PT","potentialAction":[{"@type":"ReadAction","target":["https:\/\/galardi-group.com\/servizi\/customs-services\/servizio-operazioni-doganali\/"]}]},{"@type":"BreadcrumbList","@id":"https:\/\/galardi-group.com\/servizi\/customs-services\/servizio-operazioni-doganali\/#breadcrumb","itemListElement":[{"@type":"ListItem","position":1,"name":"Home","item":"https:\/\/galardi-group.com\/"},{"@type":"ListItem","position":2,"name":"Servizi","item":"https:\/\/galardi-group.com\/servizi\/"},{"@type":"ListItem","position":3,"name":"Customs Services","item":"https:\/\/galardi-group.com\/servizi\/customs-services\/"},{"@type":"ListItem","position":4,"name":"Servizio Operazioni doganali"}]},{"@type":"WebSite","@id":"https:\/\/galardi-group.com\/#website","url":"https:\/\/galardi-group.com\/","name":"Grupo Galardi","description":"Envios internacionais","publisher":{"@id":"https:\/\/galardi-group.com\/#organization"},"potentialAction":[{"@type":"SearchAction","target":{"@type":"EntryPoint","urlTemplate":"https:\/\/galardi-group.com\/?s={search_term_string}"},"query-input":{"@type":"PropertyValueSpecification","valueRequired":true,"valueName":"search_term_string"}}],"inLanguage":"pt-PT"},{"@type":"Organization","@id":"https:\/\/galardi-group.com\/#organization","name":"Log\u00edstica de Freight Forwarding do Grupo Galardi","url":"https:\/\/galardi-group.com\/","logo":{"@type":"ImageObject","inLanguage":"pt-PT","@id":"https:\/\/galardi-group.com\/#\/schema\/logo\/image\/","url":"https:\/\/i0.wp.com\/galardi-group.com\/wp-content\/uploads\/2022\/04\/Galardi-Group-logo-b.png?fit=1029%2C251&ssl=1","contentUrl":"https:\/\/i0.wp.com\/galardi-group.com\/wp-content\/uploads\/2022\/04\/Galardi-Group-logo-b.png?fit=1029%2C251&ssl=1","width":1029,"height":251,"caption":"Galardi Group Freight Forwarding Logistics"},"image":{"@id":"https:\/\/galardi-group.com\/#\/schema\/logo\/image\/"},"sameAs":["https:\/\/www.facebook.com\/galardigruppo","https:\/\/www.instagram.com\/galardi_group\/","https:\/\/www.linkedin.com\/company\/galardi-s.r.l."]}]}},"jetpack_sharing_enabled":true,"_links":{"self":[{"href":"https:\/\/galardi-group.com\/pt\/wp-json\/wp\/v2\/pages\/93","targetHints":{"allow":["GET"]}}],"collection":[{"href":"https:\/\/galardi-group.com\/pt\/wp-json\/wp\/v2\/pages"}],"about":[{"href":"https:\/\/galardi-group.com\/pt\/wp-json\/wp\/v2\/types\/page"}],"author":[{"embeddable":true,"href":"https:\/\/galardi-group.com\/pt\/wp-json\/wp\/v2\/users\/2"}],"replies":[{"embeddable":true,"href":"https:\/\/galardi-group.com\/pt\/wp-json\/wp\/v2\/comments?post=93"}],"version-history":[{"count":23,"href":"https:\/\/galardi-group.com\/pt\/wp-json\/wp\/v2\/pages\/93\/revisions"}],"predecessor-version":[{"id":6643,"href":"https:\/\/galardi-group.com\/pt\/wp-json\/wp\/v2\/pages\/93\/revisions\/6643"}],"up":[{"embeddable":true,"href":"https:\/\/galardi-group.com\/pt\/wp-json\/wp\/v2\/pages\/849"}],"wp:attachment":[{"href":"https:\/\/galardi-group.com\/pt\/wp-json\/wp\/v2\/media?parent=93"}],"curies":[{"name":"wp","href":"https:\/\/api.w.org\/{rel}","templated":true}]}}