{"id":84,"date":"2022-02-28T11:09:38","date_gmt":"2022-02-28T11:09:38","guid":{"rendered":"https:\/\/galardi-group.com\/?page_id=84"},"modified":"2023-10-18T17:32:25","modified_gmt":"2023-10-18T15:32:25","slug":"servizio-gestione-prodotti-deperibili","status":"publish","type":"page","link":"https:\/\/galardi-group.com\/fr\/servizi\/air-and-sea-services\/servizio-gestione-prodotti-deperibili\/","title":{"rendered":"Service de gestion des produits p\u00e9rissables"},"content":{"rendered":"<p>[et_pb_section fb_built=&#8221;1&#8243; fullwidth=&#8221;on&#8221; _builder_version=&#8221;4.16&#8243; _module_preset=&#8221;default&#8221; da_disable_devices=&#8221;off|off|off&#8221; global_colors_info=&#8221;{}&#8221; da_is_popup=&#8221;off&#8221; da_exit_intent=&#8221;off&#8221; da_has_close=&#8221;on&#8221; da_alt_close=&#8221;off&#8221; da_dark_close=&#8221;off&#8221; da_not_modal=&#8221;on&#8221; da_is_singular=&#8221;off&#8221; da_with_loader=&#8221;off&#8221; da_has_shadow=&#8221;on&#8221;][et_pb_fullwidth_image src=&#8221;https:\/\/galardi-group.com\/wp-content\/uploads\/2022\/05\/Banner-air-and-sea.jpg&#8221; title_text=&#8221;Banner-air-and-sea&#8221; _builder_version=&#8221;4.17.1&#8243; _module_preset=&#8221;default&#8221; global_colors_info=&#8221;{}&#8221;][\/et_pb_fullwidth_image][\/et_pb_section][et_pb_section fb_built=&#8221;1&#8243; _builder_version=&#8221;4.16&#8243; _module_preset=&#8221;default&#8221; custom_padding=&#8221;35px|||||&#8221; da_disable_devices=&#8221;off|off|off&#8221; global_colors_info=&#8221;{}&#8221; da_is_popup=&#8221;off&#8221; da_exit_intent=&#8221;off&#8221; da_has_close=&#8221;on&#8221; da_alt_close=&#8221;off&#8221; da_dark_close=&#8221;off&#8221; da_not_modal=&#8221;on&#8221; da_is_singular=&#8221;off&#8221; da_with_loader=&#8221;off&#8221; da_has_shadow=&#8221;on&#8221;][et_pb_row column_structure=&#8221;2_3,1_3&#8243; _builder_version=&#8221;4.16&#8243; _module_preset=&#8221;default&#8221; custom_margin=&#8221;|auto|26px|auto||&#8221; custom_padding=&#8221;2px||1px|||&#8221; global_colors_info=&#8221;{}&#8221;][et_pb_column type=&#8221;2_3&#8243; _builder_version=&#8221;4.16&#8243; _module_preset=&#8221;default&#8221; global_colors_info=&#8221;{}&#8221;][et_pb_text _builder_version=&#8221;4.21.0&#8243; _module_preset=&#8221;default&#8221; text_font=&#8221;Roboto|700|||||||&#8221; text_text_color=&#8221;#164194&#8243; text_font_size=&#8221;30px&#8221; text_line_height=&#8221;1.4em&#8221; header_font=&#8221;|||on|||||&#8221; header_text_align=&#8221;center&#8221; header_text_color=&#8221;#164194&#8243; text_orientation=&#8221;center&#8221; custom_margin=&#8221;||16px|||&#8221; global_colors_info=&#8221;{}&#8221;]<\/p>\n<h1 style=\"text-align: left;\"><b>Gestione Prodotti Deperibili<\/b><\/h1>\n<p>[\/et_pb_text][et_pb_text disabled_on=&#8221;on|on|on&#8221; _builder_version=&#8221;4.21.0&#8243; _module_preset=&#8221;default&#8221; text_font=&#8221;Roboto|700|||||||&#8221; text_text_color=&#8221;#164194&#8243; text_font_size=&#8221;30px&#8221; text_line_height=&#8221;1.4em&#8221; header_font=&#8221;|||on|||||&#8221; header_text_align=&#8221;center&#8221; header_text_color=&#8221;#164194&#8243; header_3_font=&#8221;Roboto||||||||&#8221; header_3_text_align=&#8221;left&#8221; header_3_text_color=&#8221;#164194&#8243; text_orientation=&#8221;center&#8221; custom_margin=&#8221;||16px||false|false&#8221; disabled=&#8221;on&#8221; global_colors_info=&#8221;{}&#8221;]<\/p>\n<h3 style=\"text-align: left;\"><b>Gestione Prodotti Deperibili<\/b><\/h3>\n<p>[\/et_pb_text][et_pb_text _builder_version=&#8221;4.21.0&#8243; _module_preset=&#8221;default&#8221; text_font=&#8221;Roboto||||||||&#8221; text_text_color=&#8221;#164194&#8243; header_font=&#8221;Roboto||||||||&#8221; header_text_color=&#8221;#164194&#8243; custom_margin=&#8221;||||false|false&#8221; custom_padding=&#8221;||||false|false&#8221; hover_enabled=&#8221;0&#8243; global_colors_info=&#8221;{}&#8221; sticky_enabled=&#8221;0&#8243;]<\/p>\n<p>Appartengono alla categoria di merce deperibile tutti i prodotti di genere alimentare, farmaceutico o simile destinati a deteriorarsi, alterarsi o avariarsi in brevi tempi. \u00c8 consigliabile, infatti, consumare la merce deperibile il prima possibile, oltre che conservarla in luoghi con una temperatura adeguata. Quando ci occupiamo del trasporto di merce deperibile, \u00e8 fondamentale garantire condizione termiche ottimali del prodotto in tutte le fasi, dalla produzione al consumo. Per poter effettuare un corretto trasporto di merci deperibili, occorre utilizzare furgoni e mezzi idonei in grado di mantenere la temperatura necessaria alla sua corretta conservazione. Galardi Group segue diverse regole per garantire alti standard qualitativi e per effettuare il trasporto di merce deperibile in totale sicurezza e tranquillit\u00e0.<\/p>\n<p>[\/et_pb_text][\/et_pb_column][et_pb_column type=&#8221;1_3&#8243; _builder_version=&#8221;4.16&#8243; _module_preset=&#8221;default&#8221; global_colors_info=&#8221;{}&#8221;][et_pb_image src=&#8221;https:\/\/galardi-group.com\/wp-content\/uploads\/2022\/11\/Richiedi-tariffa-quotazione.jpg&#8221; title_text=&#8221;Richiedi-tariffa-quotazione&#8221; align=&#8221;center&#8221; disabled_on=&#8221;on|on|off&#8221; _builder_version=&#8221;4.19.5&#8243; _module_preset=&#8221;default&#8221; custom_margin=&#8221;||||false|false&#8221; global_colors_info=&#8221;{}&#8221;][\/et_pb_image][\/et_pb_column][\/et_pb_row][et_pb_row column_structure=&#8221;1_3,1_3,1_3&#8243; disabled_on=&#8221;on|on|off&#8221; _builder_version=&#8221;4.19.5&#8243; _module_preset=&#8221;default&#8221; custom_padding=&#8221;1px|||||&#8221; global_colors_info=&#8221;{}&#8221;][et_pb_column type=&#8221;1_3&#8243; _builder_version=&#8221;4.19.5&#8243; _module_preset=&#8221;default&#8221; global_colors_info=&#8221;{}&#8221;][et_pb_button button_url=&#8221;https:\/\/galardi-group.com\/richiesta-tariffa\/&#8221; button_text=&#8221;CHIEDI ORA LA TUA TARIFFA&#8221; button_alignment=&#8221;center&#8221; _builder_version=&#8221;4.19.5&#8243; _module_preset=&#8221;default&#8221; custom_button=&#8221;on&#8221; button_text_size=&#8221;17px&#8221; button_text_color=&#8221;#FFFFFF&#8221; button_bg_color=&#8221;#e74f1c&#8221; button_border_width=&#8221;0px&#8221; button_font=&#8221;Roboto||||||||&#8221; button_icon=&#8221;&#x35;||divi||400&#8243; custom_margin=&#8221;|||0px|false|false&#8221; custom_padding=&#8221;||||false|false&#8221; global_colors_info=&#8221;{}&#8221; button_bg_color__hover=&#8221;#164194&#8243; button_bg_color__hover_enabled=&#8221;on|hover&#8221;][\/et_pb_button][\/et_pb_column][et_pb_column type=&#8221;1_3&#8243; _builder_version=&#8221;4.19.5&#8243; _module_preset=&#8221;default&#8221; global_colors_info=&#8221;{}&#8221;][et_pb_button button_url=&#8221;https:\/\/galardi-group.com\/richiesta-Quotazione&#8221; button_text=&#8221;CHIEDI LA TUA QUOTAZIONE&#8221; button_alignment=&#8221;center&#8221; _builder_version=&#8221;4.19.5&#8243; _module_preset=&#8221;default&#8221; custom_button=&#8221;on&#8221; button_text_size=&#8221;17px&#8221; button_text_color=&#8221;#FFFFFF&#8221; button_bg_color=&#8221;#e74f1c&#8221; button_border_width=&#8221;0px&#8221; button_font=&#8221;Roboto||||||||&#8221; button_icon=&#8221;&#x35;||divi||400&#8243; custom_margin=&#8221;|||0px|false|false&#8221; custom_padding=&#8221;||||false|false&#8221; global_colors_info=&#8221;{}&#8221; button_bg_color__hover=&#8221;#164194&#8243; button_bg_color__hover_enabled=&#8221;on|hover&#8221;][\/et_pb_button][\/et_pb_column][et_pb_column type=&#8221;1_3&#8243; _builder_version=&#8221;4.19.5&#8243; _module_preset=&#8221;default&#8221; global_colors_info=&#8221;{}&#8221;][\/et_pb_column][\/et_pb_row][et_pb_row column_structure=&#8221;1_2,1_2&#8243; disabled_on=&#8221;off|off|on&#8221; _builder_version=&#8221;4.20.2&#8243; _module_preset=&#8221;default&#8221; custom_padding=&#8221;4px|||||&#8221; global_colors_info=&#8221;{}&#8221;][et_pb_column type=&#8221;1_2&#8243; _builder_version=&#8221;4.20.2&#8243; _module_preset=&#8221;default&#8221; global_colors_info=&#8221;{}&#8221;][et_pb_button button_url=&#8221;https:\/\/galardi-group.com\/richiesta-tariffa\/&#8221; button_text=&#8221;CHIEDI ORA LA TUA TARIFFA&#8221; button_alignment=&#8221;center&#8221; _builder_version=&#8221;4.19.5&#8243; _module_preset=&#8221;default&#8221; custom_button=&#8221;on&#8221; button_text_size=&#8221;17px&#8221; button_text_color=&#8221;#FFFFFF&#8221; button_bg_color=&#8221;#e74f1c&#8221; button_border_width=&#8221;0px&#8221; button_font=&#8221;Roboto||||||||&#8221; button_icon=&#8221;&#x35;||divi||400&#8243; custom_margin=&#8221;|||0px|false|false&#8221; custom_padding=&#8221;||||false|false&#8221; global_colors_info=&#8221;{}&#8221; button_bg_color__hover=&#8221;#164194&#8243; button_bg_color__hover_enabled=&#8221;on|hover&#8221;][\/et_pb_button][\/et_pb_column][et_pb_column type=&#8221;1_2&#8243; _builder_version=&#8221;4.20.2&#8243; _module_preset=&#8221;default&#8221; global_colors_info=&#8221;{}&#8221;][et_pb_button button_url=&#8221;https:\/\/galardi-group.com\/richiesta-Quotazione&#8221; button_text=&#8221;CHIEDI LA TUA QUOTAZIONE&#8221; button_alignment=&#8221;center&#8221; _builder_version=&#8221;4.19.5&#8243; _module_preset=&#8221;default&#8221; custom_button=&#8221;on&#8221; button_text_size=&#8221;17px&#8221; button_text_color=&#8221;#FFFFFF&#8221; button_bg_color=&#8221;#e74f1c&#8221; button_border_width=&#8221;0px&#8221; button_font=&#8221;Roboto||||||||&#8221; button_icon=&#8221;&#x35;||divi||400&#8243; custom_margin=&#8221;|||0px|false|false&#8221; custom_padding=&#8221;||||false|false&#8221; global_colors_info=&#8221;{}&#8221; button_bg_color__hover=&#8221;#164194&#8243; button_bg_color__hover_enabled=&#8221;on|hover&#8221;][\/et_pb_button][\/et_pb_column][\/et_pb_row][\/et_pb_section][et_pb_section fb_built=&#8221;1&#8243; _builder_version=&#8221;4.16&#8243; _module_preset=&#8221;default&#8221; custom_padding=&#8221;||60px|||&#8221; da_disable_devices=&#8221;off|off|off&#8221; locked=&#8221;off&#8221; global_colors_info=&#8221;{}&#8221; da_is_popup=&#8221;off&#8221; da_exit_intent=&#8221;off&#8221; da_has_close=&#8221;on&#8221; da_alt_close=&#8221;off&#8221; da_dark_close=&#8221;off&#8221; da_not_modal=&#8221;on&#8221; da_is_singular=&#8221;off&#8221; da_with_loader=&#8221;off&#8221; da_has_shadow=&#8221;on&#8221;][et_pb_row _builder_version=&#8221;4.16&#8243; _module_preset=&#8221;default&#8221; custom_margin=&#8221;-55px|auto||auto||&#8221; global_colors_info=&#8221;{}&#8221;][et_pb_column type=&#8221;4_4&#8243; _builder_version=&#8221;4.16&#8243; _module_preset=&#8221;default&#8221; global_colors_info=&#8221;{}&#8221;][et_pb_gallery gallery_ids=&#8221;1978,1976,1977&#8243; fullwidth=&#8221;on&#8221; _builder_version=&#8221;4.17.1&#8243; _module_preset=&#8221;default&#8221; custom_margin=&#8221;-22px|||||&#8221; global_colors_info=&#8221;{}&#8221;][\/et_pb_gallery][\/et_pb_column][\/et_pb_row][\/et_pb_section]<\/p>\n","protected":false},"excerpt":{"rendered":"<p>Gestione Prodotti DeperibiliGestione Prodotti DeperibiliAppartengono alla categoria di merce deperibile tutti i prodotti di genere alimentare, farmaceutico o simile destinati a deteriorarsi, alterarsi o avariarsi in brevi tempi. \u00c8 consigliabile, infatti, consumare la merce deperibile il prima possibile, oltre che conservarla in luoghi con una temperatura adeguata. Quando ci occupiamo del trasporto di merce deperibile, [&hellip;]<\/p>\n","protected":false},"author":2,"featured_media":0,"parent":840,"menu_order":0,"comment_status":"closed","ping_status":"closed","template":"","meta":{"_et_pb_use_builder":"on","_et_pb_old_content":"","_et_gb_content_width":"","footnotes":""},"class_list":["post-84","page","type-page","status-publish","hentry"],"yoast_head":"<!-- This site is optimized with the Yoast SEO plugin v27.4 - https:\/\/yoast.com\/product\/yoast-seo-wordpress\/ -->\n<title>Servizio Gestione prodotti deperibili | Galardi Group<\/title>\n<meta name=\"description\" content=\"Effettuiamo il trasporto di merci deperibili utilizzando furgoni e mezzi in grado di mantenere la temperatura adatta alla conservazione.\" \/>\n<meta name=\"robots\" content=\"index, follow, max-snippet:-1, max-image-preview:large, max-video-preview:-1\" \/>\n<link rel=\"canonical\" href=\"https:\/\/galardi-group.com\/fr\/servizi\/air-and-sea-services\/servizio-gestione-prodotti-deperibili\/\" \/>\n<meta property=\"og:locale\" content=\"fr_FR\" \/>\n<meta property=\"og:type\" content=\"article\" \/>\n<meta property=\"og:title\" content=\"Servizio Gestione prodotti deperibili | Galardi Group\" \/>\n<meta property=\"og:description\" content=\"Effettuiamo il trasporto di merci deperibili utilizzando furgoni e mezzi in grado di mantenere la temperatura adatta alla conservazione.\" \/>\n<meta property=\"og:url\" content=\"https:\/\/galardi-group.com\/fr\/servizi\/air-and-sea-services\/servizio-gestione-prodotti-deperibili\/\" \/>\n<meta property=\"og:site_name\" content=\"Galardi Group\" \/>\n<meta property=\"article:publisher\" content=\"https:\/\/www.facebook.com\/galardigruppo\" \/>\n<meta property=\"article:modified_time\" content=\"2023-10-18T15:32:25+00:00\" \/>\n<meta name=\"twitter:card\" content=\"summary_large_image\" \/>\n<meta name=\"twitter:label1\" content=\"Dur\u00e9e de lecture estim\u00e9e\" \/>\n\t<meta name=\"twitter:data1\" content=\"2 minutes\" \/>\n<script type=\"application\/ld+json\" class=\"yoast-schema-graph\">{\"@context\":\"https:\\\/\\\/schema.org\",\"@graph\":[{\"@type\":\"WebPage\",\"@id\":\"https:\\\/\\\/galardi-group.com\\\/servizi\\\/air-and-sea-services\\\/servizio-gestione-prodotti-deperibili\\\/\",\"url\":\"https:\\\/\\\/galardi-group.com\\\/servizi\\\/air-and-sea-services\\\/servizio-gestione-prodotti-deperibili\\\/\",\"name\":\"Servizio Gestione prodotti deperibili | Galardi Group\",\"isPartOf\":{\"@id\":\"https:\\\/\\\/galardi-group.com\\\/#website\"},\"datePublished\":\"2022-02-28T11:09:38+00:00\",\"dateModified\":\"2023-10-18T15:32:25+00:00\",\"description\":\"Effettuiamo il trasporto di merci deperibili utilizzando furgoni e mezzi in grado di mantenere la temperatura adatta alla conservazione.\",\"breadcrumb\":{\"@id\":\"https:\\\/\\\/galardi-group.com\\\/servizi\\\/air-and-sea-services\\\/servizio-gestione-prodotti-deperibili\\\/#breadcrumb\"},\"inLanguage\":\"fr-FR\",\"potentialAction\":[{\"@type\":\"ReadAction\",\"target\":[\"https:\\\/\\\/galardi-group.com\\\/servizi\\\/air-and-sea-services\\\/servizio-gestione-prodotti-deperibili\\\/\"]}]},{\"@type\":\"BreadcrumbList\",\"@id\":\"https:\\\/\\\/galardi-group.com\\\/servizi\\\/air-and-sea-services\\\/servizio-gestione-prodotti-deperibili\\\/#breadcrumb\",\"itemListElement\":[{\"@type\":\"ListItem\",\"position\":1,\"name\":\"Home\",\"item\":\"https:\\\/\\\/galardi-group.com\\\/\"},{\"@type\":\"ListItem\",\"position\":2,\"name\":\"Servizi\",\"item\":\"https:\\\/\\\/galardi-group.com\\\/servizi\\\/\"},{\"@type\":\"ListItem\",\"position\":3,\"name\":\"Air and Sea Services\",\"item\":\"https:\\\/\\\/galardi-group.com\\\/servizi\\\/air-and-sea-services\\\/\"},{\"@type\":\"ListItem\",\"position\":4,\"name\":\"Servizio Gestione prodotti deperibili\"}]},{\"@type\":\"WebSite\",\"@id\":\"https:\\\/\\\/galardi-group.com\\\/#website\",\"url\":\"https:\\\/\\\/galardi-group.com\\\/\",\"name\":\"Galardi Group\",\"description\":\"Spedizioni internazionali\",\"publisher\":{\"@id\":\"https:\\\/\\\/galardi-group.com\\\/#organization\"},\"potentialAction\":[{\"@type\":\"SearchAction\",\"target\":{\"@type\":\"EntryPoint\",\"urlTemplate\":\"https:\\\/\\\/galardi-group.com\\\/?s={search_term_string}\"},\"query-input\":{\"@type\":\"PropertyValueSpecification\",\"valueRequired\":true,\"valueName\":\"search_term_string\"}}],\"inLanguage\":\"fr-FR\"},{\"@type\":\"Organization\",\"@id\":\"https:\\\/\\\/galardi-group.com\\\/#organization\",\"name\":\"Galardi Group Freight Forwarding Logistics\",\"url\":\"https:\\\/\\\/galardi-group.com\\\/\",\"logo\":{\"@type\":\"ImageObject\",\"inLanguage\":\"fr-FR\",\"@id\":\"https:\\\/\\\/galardi-group.com\\\/#\\\/schema\\\/logo\\\/image\\\/\",\"url\":\"https:\\\/\\\/i0.wp.com\\\/galardi-group.com\\\/wp-content\\\/uploads\\\/2022\\\/04\\\/Galardi-Group-logo-b.png?fit=1029%2C251&ssl=1\",\"contentUrl\":\"https:\\\/\\\/i0.wp.com\\\/galardi-group.com\\\/wp-content\\\/uploads\\\/2022\\\/04\\\/Galardi-Group-logo-b.png?fit=1029%2C251&ssl=1\",\"width\":1029,\"height\":251,\"caption\":\"Galardi Group Freight Forwarding Logistics\"},\"image\":{\"@id\":\"https:\\\/\\\/galardi-group.com\\\/#\\\/schema\\\/logo\\\/image\\\/\"},\"sameAs\":[\"https:\\\/\\\/www.facebook.com\\\/galardigruppo\",\"https:\\\/\\\/www.instagram.com\\\/galardi_group\\\/\",\"https:\\\/\\\/www.linkedin.com\\\/company\\\/galardi-s.r.l.\"]}]}<\/script>\n<!-- \/ Yoast SEO plugin. -->","yoast_head_json":{"title":"Service de gestion des produits p\u00e9rissables | Groupe Galardi","description":"Nous transportons des denr\u00e9es p\u00e9rissables \u00e0 l'aide de camionnettes et de v\u00e9hicules capables de maintenir la temp\u00e9rature ad\u00e9quate pour le stockage.","robots":{"index":"index","follow":"follow","max-snippet":"max-snippet:-1","max-image-preview":"max-image-preview:large","max-video-preview":"max-video-preview:-1"},"canonical":"https:\/\/galardi-group.com\/fr\/servizi\/air-and-sea-services\/servizio-gestione-prodotti-deperibili\/","og_locale":"fr_FR","og_type":"article","og_title":"Servizio Gestione prodotti deperibili | Galardi Group","og_description":"Effettuiamo il trasporto di merci deperibili utilizzando furgoni e mezzi in grado di mantenere la temperatura adatta alla conservazione.","og_url":"https:\/\/galardi-group.com\/fr\/servizi\/air-and-sea-services\/servizio-gestione-prodotti-deperibili\/","og_site_name":"Galardi Group","article_publisher":"https:\/\/www.facebook.com\/galardigruppo","article_modified_time":"2023-10-18T15:32:25+00:00","twitter_card":"summary_large_image","twitter_misc":{"Dur\u00e9e de lecture estim\u00e9e":"2 minutes"},"schema":{"@context":"https:\/\/schema.org","@graph":[{"@type":"WebPage","@id":"https:\/\/galardi-group.com\/servizi\/air-and-sea-services\/servizio-gestione-prodotti-deperibili\/","url":"https:\/\/galardi-group.com\/servizi\/air-and-sea-services\/servizio-gestione-prodotti-deperibili\/","name":"Service de gestion des produits p\u00e9rissables | Groupe Galardi","isPartOf":{"@id":"https:\/\/galardi-group.com\/#website"},"datePublished":"2022-02-28T11:09:38+00:00","dateModified":"2023-10-18T15:32:25+00:00","description":"Nous transportons des denr\u00e9es p\u00e9rissables \u00e0 l'aide de camionnettes et de v\u00e9hicules capables de maintenir la temp\u00e9rature ad\u00e9quate pour le stockage.","breadcrumb":{"@id":"https:\/\/galardi-group.com\/servizi\/air-and-sea-services\/servizio-gestione-prodotti-deperibili\/#breadcrumb"},"inLanguage":"fr-FR","potentialAction":[{"@type":"ReadAction","target":["https:\/\/galardi-group.com\/servizi\/air-and-sea-services\/servizio-gestione-prodotti-deperibili\/"]}]},{"@type":"BreadcrumbList","@id":"https:\/\/galardi-group.com\/servizi\/air-and-sea-services\/servizio-gestione-prodotti-deperibili\/#breadcrumb","itemListElement":[{"@type":"ListItem","position":1,"name":"Home","item":"https:\/\/galardi-group.com\/"},{"@type":"ListItem","position":2,"name":"Servizi","item":"https:\/\/galardi-group.com\/servizi\/"},{"@type":"ListItem","position":3,"name":"Air and Sea Services","item":"https:\/\/galardi-group.com\/servizi\/air-and-sea-services\/"},{"@type":"ListItem","position":4,"name":"Servizio Gestione prodotti deperibili"}]},{"@type":"WebSite","@id":"https:\/\/galardi-group.com\/#website","url":"https:\/\/galardi-group.com\/","name":"Galardi Group","description":"Envois internationaux","publisher":{"@id":"https:\/\/galardi-group.com\/#organization"},"potentialAction":[{"@type":"SearchAction","target":{"@type":"EntryPoint","urlTemplate":"https:\/\/galardi-group.com\/?s={search_term_string}"},"query-input":{"@type":"PropertyValueSpecification","valueRequired":true,"valueName":"search_term_string"}}],"inLanguage":"fr-FR"},{"@type":"Organization","@id":"https:\/\/galardi-group.com\/#organization","name":"Groupe Galardi Transport de marchandises Logistique","url":"https:\/\/galardi-group.com\/","logo":{"@type":"ImageObject","inLanguage":"fr-FR","@id":"https:\/\/galardi-group.com\/#\/schema\/logo\/image\/","url":"https:\/\/i0.wp.com\/galardi-group.com\/wp-content\/uploads\/2022\/04\/Galardi-Group-logo-b.png?fit=1029%2C251&ssl=1","contentUrl":"https:\/\/i0.wp.com\/galardi-group.com\/wp-content\/uploads\/2022\/04\/Galardi-Group-logo-b.png?fit=1029%2C251&ssl=1","width":1029,"height":251,"caption":"Galardi Group Freight Forwarding Logistics"},"image":{"@id":"https:\/\/galardi-group.com\/#\/schema\/logo\/image\/"},"sameAs":["https:\/\/www.facebook.com\/galardigruppo","https:\/\/www.instagram.com\/galardi_group\/","https:\/\/www.linkedin.com\/company\/galardi-s.r.l."]}]}},"jetpack_sharing_enabled":true,"_links":{"self":[{"href":"https:\/\/galardi-group.com\/fr\/wp-json\/wp\/v2\/pages\/84","targetHints":{"allow":["GET"]}}],"collection":[{"href":"https:\/\/galardi-group.com\/fr\/wp-json\/wp\/v2\/pages"}],"about":[{"href":"https:\/\/galardi-group.com\/fr\/wp-json\/wp\/v2\/types\/page"}],"author":[{"embeddable":true,"href":"https:\/\/galardi-group.com\/fr\/wp-json\/wp\/v2\/users\/2"}],"replies":[{"embeddable":true,"href":"https:\/\/galardi-group.com\/fr\/wp-json\/wp\/v2\/comments?post=84"}],"version-history":[{"count":26,"href":"https:\/\/galardi-group.com\/fr\/wp-json\/wp\/v2\/pages\/84\/revisions"}],"predecessor-version":[{"id":6625,"href":"https:\/\/galardi-group.com\/fr\/wp-json\/wp\/v2\/pages\/84\/revisions\/6625"}],"up":[{"embeddable":true,"href":"https:\/\/galardi-group.com\/fr\/wp-json\/wp\/v2\/pages\/840"}],"wp:attachment":[{"href":"https:\/\/galardi-group.com\/fr\/wp-json\/wp\/v2\/media?parent=84"}],"curies":[{"name":"wp","href":"https:\/\/api.w.org\/{rel}","templated":true}]}}