{"id":64,"date":"2022-02-28T10:48:33","date_gmt":"2022-02-28T10:48:33","guid":{"rendered":"https:\/\/galardi-group.com\/?page_id=64"},"modified":"2024-04-12T16:08:39","modified_gmt":"2024-04-12T14:08:39","slug":"servizio-ltl-less-truck-than-load","status":"publish","type":"page","link":"https:\/\/galardi-group.com\/es\/servizi\/truck-services\/servizio-ltl-less-truck-than-load\/","title":{"rendered":"Servicio LTL - menos cami\u00f3n que carga"},"content":{"rendered":"<p>[et_pb_section fb_built=&#8221;1&#8243; fullwidth=&#8221;on&#8221; _builder_version=&#8221;4.16&#8243; _module_preset=&#8221;default&#8221; da_disable_devices=&#8221;off|off|off&#8221; locked=&#8221;off&#8221; global_colors_info=&#8221;{}&#8221; da_is_popup=&#8221;off&#8221; da_exit_intent=&#8221;off&#8221; da_has_close=&#8221;on&#8221; da_alt_close=&#8221;off&#8221; da_dark_close=&#8221;off&#8221; da_not_modal=&#8221;on&#8221; da_is_singular=&#8221;off&#8221; da_with_loader=&#8221;off&#8221; da_has_shadow=&#8221;on&#8221;][et_pb_fullwidth_image src=&#8221;https:\/\/galardi-group.com\/wp-content\/uploads\/2024\/04\/Banner-Truck.jpg&#8221; title_text=&#8221;Banner-Truck&#8221; _builder_version=&#8221;4.24.3&#8243; _module_preset=&#8221;default&#8221; hover_enabled=&#8221;0&#8243; global_colors_info=&#8221;{}&#8221; sticky_enabled=&#8221;0&#8243;][\/et_pb_fullwidth_image][\/et_pb_section][et_pb_section fb_built=&#8221;1&#8243; _builder_version=&#8221;4.16&#8243; _module_preset=&#8221;default&#8221; custom_padding=&#8221;35px|||||&#8221; da_disable_devices=&#8221;off|off|off&#8221; global_colors_info=&#8221;{}&#8221; da_is_popup=&#8221;off&#8221; da_exit_intent=&#8221;off&#8221; da_has_close=&#8221;on&#8221; da_alt_close=&#8221;off&#8221; da_dark_close=&#8221;off&#8221; da_not_modal=&#8221;on&#8221; da_is_singular=&#8221;off&#8221; da_with_loader=&#8221;off&#8221; da_has_shadow=&#8221;on&#8221;][et_pb_row column_structure=&#8221;2_3,1_3&#8243; _builder_version=&#8221;4.16&#8243; _module_preset=&#8221;default&#8221; custom_margin=&#8221;|auto|35px|auto||&#8221; custom_padding=&#8221;2px||1px|||&#8221; global_colors_info=&#8221;{}&#8221;][et_pb_column type=&#8221;2_3&#8243; _builder_version=&#8221;4.16&#8243; _module_preset=&#8221;default&#8221; global_colors_info=&#8221;{}&#8221;][et_pb_text _builder_version=&#8221;4.21.0&#8243; _module_preset=&#8221;default&#8221; text_font=&#8221;Roboto|700|||||||&#8221; text_text_color=&#8221;#164194&#8243; text_font_size=&#8221;30px&#8221; text_line_height=&#8221;1.4em&#8221; header_font=&#8221;|||on|||||&#8221; header_text_align=&#8221;center&#8221; header_text_color=&#8221;#164194&#8243; text_orientation=&#8221;center&#8221; custom_margin=&#8221;||17px|||&#8221; global_colors_info=&#8221;{}&#8221;]<\/p>\n<h1 style=\"text-align: left;\"><b>LTL<\/b><\/h1>\n<p>[\/et_pb_text][et_pb_text _builder_version=&#8221;4.21.0&#8243; _module_preset=&#8221;default&#8221; text_font=&#8221;Roboto|700|||||||&#8221; text_text_color=&#8221;#164194&#8243; text_font_size=&#8221;30px&#8221; text_line_height=&#8221;1.4em&#8221; header_font=&#8221;|||on|||||&#8221; header_text_align=&#8221;center&#8221; header_text_color=&#8221;#164194&#8243; header_3_font=&#8221;Roboto||||||||&#8221; header_3_text_align=&#8221;left&#8221; header_3_text_color=&#8221;#164194&#8243; text_orientation=&#8221;center&#8221; custom_margin=&#8221;||18px|||&#8221; global_colors_info=&#8221;{}&#8221;]<\/p>\n<h3 style=\"text-align: left;\"><b>Less than Truck Load<\/b><\/h3>\n<p>[\/et_pb_text][et_pb_text _builder_version=&#8221;4.21.0&#8243; _module_preset=&#8221;default&#8221; text_font=&#8221;Roboto||||||||&#8221; text_text_color=&#8221;#164194&#8243; header_font=&#8221;Roboto||||||||&#8221; header_text_color=&#8221;#164194&#8243; custom_margin=&#8221;||||false|false&#8221; custom_padding=&#8221;||0px|||&#8221; global_colors_info=&#8221;{}&#8221;]<\/p>\n<p>Con il servizio di spedizione di carichi parziali (LTL), Galardi Group risponde all\u2019esigenza delle aziende che necessitano di spedire quantitativi minori rispetto a un trasporto FTL, ossia a carico completo. Questa tipologia di trasporto \u00e8 pensata per tutte quelle spedizioni che non sono abbastanza ampie da occupare la capacit\u00e0 di un intero camion, ma che vengono consolidate con altre piccole spedizioni per creare un carico completo.<br \/>Il nostro team di esperti garantisce la pianificazione attenta e la gestione rapida delle necessit\u00e0 di trasporti LTL.<\/p>\n<p>[\/et_pb_text][\/et_pb_column][et_pb_column type=&#8221;1_3&#8243; _builder_version=&#8221;4.16&#8243; _module_preset=&#8221;default&#8221; global_colors_info=&#8221;{}&#8221;][et_pb_image src=&#8221;https:\/\/galardi-group.com\/wp-content\/uploads\/2022\/11\/Richiedi-tariffa-quotazione.jpg&#8221; title_text=&#8221;Richiedi-tariffa-quotazione&#8221; align=&#8221;center&#8221; disabled_on=&#8221;on|on|off&#8221; _builder_version=&#8221;4.19.5&#8243; _module_preset=&#8221;default&#8221; custom_margin=&#8221;||||false|false&#8221; global_colors_info=&#8221;{}&#8221;][\/et_pb_image][\/et_pb_column][\/et_pb_row][et_pb_row column_structure=&#8221;1_3,1_3,1_3&#8243; disabled_on=&#8221;on|on|off&#8221; _builder_version=&#8221;4.19.5&#8243; _module_preset=&#8221;default&#8221; custom_margin=&#8221;-17px|auto||auto||&#8221; custom_padding=&#8221;2px|||||&#8221; global_colors_info=&#8221;{}&#8221;][et_pb_column type=&#8221;1_3&#8243; _builder_version=&#8221;4.19.5&#8243; _module_preset=&#8221;default&#8221; global_colors_info=&#8221;{}&#8221;][et_pb_button button_url=&#8221;https:\/\/galardi-group.com\/richiesta-tariffa\/&#8221; button_text=&#8221;CHIEDI ORA LA TUA TARIFFA&#8221; button_alignment=&#8221;center&#8221; _builder_version=&#8221;4.19.5&#8243; _module_preset=&#8221;default&#8221; custom_button=&#8221;on&#8221; button_text_size=&#8221;17px&#8221; button_text_color=&#8221;#FFFFFF&#8221; button_bg_color=&#8221;#e74f1c&#8221; button_border_width=&#8221;0px&#8221; button_font=&#8221;Roboto||||||||&#8221; button_icon=&#8221;&#x35;||divi||400&#8243; custom_padding=&#8221;|40px|||false|false&#8221; global_colors_info=&#8221;{}&#8221; button_bg_color__hover_enabled=&#8221;on|hover&#8221; button_bg_color__hover=&#8221;#164194&#8243; button_bg_enable_color__hover=&#8221;on&#8221;][\/et_pb_button][\/et_pb_column][et_pb_column type=&#8221;1_3&#8243; _builder_version=&#8221;4.19.5&#8243; _module_preset=&#8221;default&#8221; global_colors_info=&#8221;{}&#8221;][et_pb_button button_url=&#8221;https:\/\/galardi-group.com\/richiesta-Quotazione&#8221; button_text=&#8221;CHIEDI LA TUA QUOTAZIONE&#8221; button_alignment=&#8221;center&#8221; _builder_version=&#8221;4.19.5&#8243; _module_preset=&#8221;default&#8221; custom_button=&#8221;on&#8221; button_text_size=&#8221;17px&#8221; button_text_color=&#8221;#FFFFFF&#8221; button_bg_color=&#8221;#e74f1c&#8221; button_border_width=&#8221;0px&#8221; button_font=&#8221;Roboto||||||||&#8221; button_icon=&#8221;&#x35;||divi||400&#8243; custom_padding=&#8221;||||false|false&#8221; global_colors_info=&#8221;{}&#8221; button_bg_color__hover_enabled=&#8221;on|hover&#8221; button_bg_color__hover=&#8221;#164194&#8243; button_bg_enable_color__hover=&#8221;on&#8221;][\/et_pb_button][\/et_pb_column][et_pb_column type=&#8221;1_3&#8243; _builder_version=&#8221;4.19.5&#8243; _module_preset=&#8221;default&#8221; global_colors_info=&#8221;{}&#8221;][\/et_pb_column][\/et_pb_row][et_pb_row column_structure=&#8221;1_2,1_2&#8243; disabled_on=&#8221;off|off|on&#8221; _builder_version=&#8221;4.20.2&#8243; _module_preset=&#8221;default&#8221; custom_padding=&#8221;4px|||||&#8221; global_colors_info=&#8221;{}&#8221;][et_pb_column type=&#8221;1_2&#8243; _builder_version=&#8221;4.20.2&#8243; _module_preset=&#8221;default&#8221; global_colors_info=&#8221;{}&#8221;][et_pb_button button_url=&#8221;https:\/\/galardi-group.com\/richiesta-tariffa\/&#8221; button_text=&#8221;CHIEDI ORA LA TUA TARIFFA&#8221; button_alignment=&#8221;center&#8221; _builder_version=&#8221;4.19.5&#8243; _module_preset=&#8221;default&#8221; custom_button=&#8221;on&#8221; button_text_size=&#8221;17px&#8221; button_text_color=&#8221;#FFFFFF&#8221; button_bg_color=&#8221;#e74f1c&#8221; button_border_width=&#8221;0px&#8221; button_font=&#8221;Roboto||||||||&#8221; button_icon=&#8221;&#x35;||divi||400&#8243; custom_padding=&#8221;|40px|||false|false&#8221; global_colors_info=&#8221;{}&#8221; button_bg_color__hover_enabled=&#8221;on|hover&#8221; button_bg_color__hover=&#8221;#164194&#8243; button_bg_enable_color__hover=&#8221;on&#8221;][\/et_pb_button][\/et_pb_column][et_pb_column type=&#8221;1_2&#8243; _builder_version=&#8221;4.20.2&#8243; _module_preset=&#8221;default&#8221; global_colors_info=&#8221;{}&#8221;][et_pb_button button_url=&#8221;https:\/\/galardi-group.com\/richiesta-Quotazione&#8221; button_text=&#8221;CHIEDI LA TUA QUOTAZIONE&#8221; button_alignment=&#8221;center&#8221; _builder_version=&#8221;4.19.5&#8243; _module_preset=&#8221;default&#8221; custom_button=&#8221;on&#8221; button_text_size=&#8221;17px&#8221; button_text_color=&#8221;#FFFFFF&#8221; button_bg_color=&#8221;#e74f1c&#8221; button_border_width=&#8221;0px&#8221; button_font=&#8221;Roboto||||||||&#8221; button_icon=&#8221;&#x35;||divi||400&#8243; custom_padding=&#8221;||||false|false&#8221; global_colors_info=&#8221;{}&#8221; button_bg_color__hover_enabled=&#8221;on|hover&#8221; button_bg_color__hover=&#8221;#164194&#8243; button_bg_enable_color__hover=&#8221;on&#8221;][\/et_pb_button][\/et_pb_column][\/et_pb_row][\/et_pb_section][et_pb_section fb_built=&#8221;1&#8243; _builder_version=&#8221;4.16&#8243; _module_preset=&#8221;default&#8221; custom_padding=&#8221;||60px|||&#8221; da_disable_devices=&#8221;off|off|off&#8221; locked=&#8221;off&#8221; global_colors_info=&#8221;{}&#8221; da_is_popup=&#8221;off&#8221; da_exit_intent=&#8221;off&#8221; da_has_close=&#8221;on&#8221; da_alt_close=&#8221;off&#8221; da_dark_close=&#8221;off&#8221; da_not_modal=&#8221;on&#8221; da_is_singular=&#8221;off&#8221; da_with_loader=&#8221;off&#8221; da_has_shadow=&#8221;on&#8221;][et_pb_row _builder_version=&#8221;4.16&#8243; _module_preset=&#8221;default&#8221; custom_margin=&#8221;-55px|auto||auto||&#8221; global_colors_info=&#8221;{}&#8221;][et_pb_column type=&#8221;4_4&#8243; _builder_version=&#8221;4.16&#8243; _module_preset=&#8221;default&#8221; global_colors_info=&#8221;{}&#8221;][et_pb_gallery gallery_ids=&#8221;8175,2008&#8243; fullwidth=&#8221;on&#8221; _builder_version=&#8221;4.24.3&#8243; _module_preset=&#8221;default&#8221; custom_margin=&#8221;-22px|||||&#8221; hover_enabled=&#8221;0&#8243; global_colors_info=&#8221;{}&#8221; sticky_enabled=&#8221;0&#8243;][\/et_pb_gallery][\/et_pb_column][\/et_pb_row][\/et_pb_section]<\/p>\n","protected":false},"excerpt":{"rendered":"<p>LTLLess than Truck LoadCon il servizio di spedizione di carichi parziali (LTL), Galardi Group risponde all\u2019esigenza delle aziende che necessitano di spedire quantitativi minori rispetto a un trasporto FTL, ossia a carico completo. Questa tipologia di trasporto \u00e8 pensata per tutte quelle spedizioni che non sono abbastanza ampie da occupare la capacit\u00e0 di un intero [&hellip;]<\/p>\n","protected":false},"author":2,"featured_media":0,"parent":30,"menu_order":0,"comment_status":"closed","ping_status":"closed","template":"","meta":{"_et_pb_use_builder":"on","_et_pb_old_content":"","_et_gb_content_width":"","footnotes":""},"class_list":["post-64","page","type-page","status-publish","hentry"],"yoast_head":"<!-- This site is optimized with the Yoast SEO plugin v27.3 - https:\/\/yoast.com\/product\/yoast-seo-wordpress\/ -->\n<title>Servizio LTL - less truck than load | Galardi Group<\/title>\n<meta name=\"description\" content=\"Rispondiamo all\u2019esigenza delle aziende che necessitano di spedire quantitativi minori rispetto a un trasporto FTL, ossia a carico completo.\" \/>\n<meta name=\"robots\" content=\"index, follow, max-snippet:-1, max-image-preview:large, max-video-preview:-1\" \/>\n<link rel=\"canonical\" href=\"https:\/\/galardi-group.com\/es\/servizi\/truck-services\/servizio-ltl-less-truck-than-load\/\" \/>\n<meta property=\"og:locale\" content=\"es_ES\" \/>\n<meta property=\"og:type\" content=\"article\" \/>\n<meta property=\"og:title\" content=\"Servizio LTL - less truck than load | Galardi Group\" \/>\n<meta property=\"og:description\" content=\"Rispondiamo all\u2019esigenza delle aziende che necessitano di spedire quantitativi minori rispetto a un trasporto FTL, ossia a carico completo.\" \/>\n<meta property=\"og:url\" content=\"https:\/\/galardi-group.com\/es\/servizi\/truck-services\/servizio-ltl-less-truck-than-load\/\" \/>\n<meta property=\"og:site_name\" content=\"Galardi Group\" \/>\n<meta property=\"article:publisher\" content=\"https:\/\/www.facebook.com\/galardigruppo\" \/>\n<meta property=\"article:modified_time\" content=\"2024-04-12T14:08:39+00:00\" \/>\n<meta name=\"twitter:card\" content=\"summary_large_image\" \/>\n<meta name=\"twitter:label1\" content=\"Tiempo de lectura\" \/>\n\t<meta name=\"twitter:data1\" content=\"2 minutos\" \/>\n<script type=\"application\/ld+json\" class=\"yoast-schema-graph\">{\"@context\":\"https:\\\/\\\/schema.org\",\"@graph\":[{\"@type\":\"WebPage\",\"@id\":\"https:\\\/\\\/galardi-group.com\\\/servizi\\\/truck-services\\\/servizio-ltl-less-truck-than-load\\\/\",\"url\":\"https:\\\/\\\/galardi-group.com\\\/servizi\\\/truck-services\\\/servizio-ltl-less-truck-than-load\\\/\",\"name\":\"Servizio LTL - less truck than load | Galardi Group\",\"isPartOf\":{\"@id\":\"https:\\\/\\\/galardi-group.com\\\/#website\"},\"datePublished\":\"2022-02-28T10:48:33+00:00\",\"dateModified\":\"2024-04-12T14:08:39+00:00\",\"description\":\"Rispondiamo all\u2019esigenza delle aziende che necessitano di spedire quantitativi minori rispetto a un trasporto FTL, ossia a carico completo.\",\"breadcrumb\":{\"@id\":\"https:\\\/\\\/galardi-group.com\\\/servizi\\\/truck-services\\\/servizio-ltl-less-truck-than-load\\\/#breadcrumb\"},\"inLanguage\":\"es\",\"potentialAction\":[{\"@type\":\"ReadAction\",\"target\":[\"https:\\\/\\\/galardi-group.com\\\/servizi\\\/truck-services\\\/servizio-ltl-less-truck-than-load\\\/\"]}]},{\"@type\":\"BreadcrumbList\",\"@id\":\"https:\\\/\\\/galardi-group.com\\\/servizi\\\/truck-services\\\/servizio-ltl-less-truck-than-load\\\/#breadcrumb\",\"itemListElement\":[{\"@type\":\"ListItem\",\"position\":1,\"name\":\"Home\",\"item\":\"https:\\\/\\\/galardi-group.com\\\/\"},{\"@type\":\"ListItem\",\"position\":2,\"name\":\"Servizi\",\"item\":\"https:\\\/\\\/galardi-group.com\\\/servizi\\\/\"},{\"@type\":\"ListItem\",\"position\":3,\"name\":\"Truck Services\",\"item\":\"https:\\\/\\\/galardi-group.com\\\/servizi\\\/truck-services\\\/\"},{\"@type\":\"ListItem\",\"position\":4,\"name\":\"Servizio LTL &#8211; less truck than load\"}]},{\"@type\":\"WebSite\",\"@id\":\"https:\\\/\\\/galardi-group.com\\\/#website\",\"url\":\"https:\\\/\\\/galardi-group.com\\\/\",\"name\":\"Galardi Group\",\"description\":\"Spedizioni internazionali\",\"publisher\":{\"@id\":\"https:\\\/\\\/galardi-group.com\\\/#organization\"},\"potentialAction\":[{\"@type\":\"SearchAction\",\"target\":{\"@type\":\"EntryPoint\",\"urlTemplate\":\"https:\\\/\\\/galardi-group.com\\\/?s={search_term_string}\"},\"query-input\":{\"@type\":\"PropertyValueSpecification\",\"valueRequired\":true,\"valueName\":\"search_term_string\"}}],\"inLanguage\":\"es\"},{\"@type\":\"Organization\",\"@id\":\"https:\\\/\\\/galardi-group.com\\\/#organization\",\"name\":\"Galardi Group Freight Forwarding Logistics\",\"url\":\"https:\\\/\\\/galardi-group.com\\\/\",\"logo\":{\"@type\":\"ImageObject\",\"inLanguage\":\"es\",\"@id\":\"https:\\\/\\\/galardi-group.com\\\/#\\\/schema\\\/logo\\\/image\\\/\",\"url\":\"https:\\\/\\\/i0.wp.com\\\/galardi-group.com\\\/wp-content\\\/uploads\\\/2022\\\/04\\\/Galardi-Group-logo-b.png?fit=1029%2C251&ssl=1\",\"contentUrl\":\"https:\\\/\\\/i0.wp.com\\\/galardi-group.com\\\/wp-content\\\/uploads\\\/2022\\\/04\\\/Galardi-Group-logo-b.png?fit=1029%2C251&ssl=1\",\"width\":1029,\"height\":251,\"caption\":\"Galardi Group Freight Forwarding Logistics\"},\"image\":{\"@id\":\"https:\\\/\\\/galardi-group.com\\\/#\\\/schema\\\/logo\\\/image\\\/\"},\"sameAs\":[\"https:\\\/\\\/www.facebook.com\\\/galardigruppo\",\"https:\\\/\\\/www.instagram.com\\\/galardi_group\\\/\",\"https:\\\/\\\/www.linkedin.com\\\/company\\\/galardi-s.r.l.\"]}]}<\/script>\n<!-- \/ Yoast SEO plugin. -->","yoast_head_json":{"title":"Servicio LTL - menos cami\u00f3n que carga | Galardi Group","description":"Respondemos a la necesidad de las empresas que necesitan enviar cantidades m\u00e1s peque\u00f1as que con el transporte FTL, es decir, de carga completa.","robots":{"index":"index","follow":"follow","max-snippet":"max-snippet:-1","max-image-preview":"max-image-preview:large","max-video-preview":"max-video-preview:-1"},"canonical":"https:\/\/galardi-group.com\/es\/servizi\/truck-services\/servizio-ltl-less-truck-than-load\/","og_locale":"es_ES","og_type":"article","og_title":"Servizio LTL - less truck than load | Galardi Group","og_description":"Rispondiamo all\u2019esigenza delle aziende che necessitano di spedire quantitativi minori rispetto a un trasporto FTL, ossia a carico completo.","og_url":"https:\/\/galardi-group.com\/es\/servizi\/truck-services\/servizio-ltl-less-truck-than-load\/","og_site_name":"Galardi Group","article_publisher":"https:\/\/www.facebook.com\/galardigruppo","article_modified_time":"2024-04-12T14:08:39+00:00","twitter_card":"summary_large_image","twitter_misc":{"Tiempo de lectura":"2 minutos"},"schema":{"@context":"https:\/\/schema.org","@graph":[{"@type":"WebPage","@id":"https:\/\/galardi-group.com\/servizi\/truck-services\/servizio-ltl-less-truck-than-load\/","url":"https:\/\/galardi-group.com\/servizi\/truck-services\/servizio-ltl-less-truck-than-load\/","name":"Servicio LTL - menos cami\u00f3n que carga | Galardi Group","isPartOf":{"@id":"https:\/\/galardi-group.com\/#website"},"datePublished":"2022-02-28T10:48:33+00:00","dateModified":"2024-04-12T14:08:39+00:00","description":"Respondemos a la necesidad de las empresas que necesitan enviar cantidades m\u00e1s peque\u00f1as que con el transporte FTL, es decir, de carga completa.","breadcrumb":{"@id":"https:\/\/galardi-group.com\/servizi\/truck-services\/servizio-ltl-less-truck-than-load\/#breadcrumb"},"inLanguage":"es","potentialAction":[{"@type":"ReadAction","target":["https:\/\/galardi-group.com\/servizi\/truck-services\/servizio-ltl-less-truck-than-load\/"]}]},{"@type":"BreadcrumbList","@id":"https:\/\/galardi-group.com\/servizi\/truck-services\/servizio-ltl-less-truck-than-load\/#breadcrumb","itemListElement":[{"@type":"ListItem","position":1,"name":"Home","item":"https:\/\/galardi-group.com\/"},{"@type":"ListItem","position":2,"name":"Servizi","item":"https:\/\/galardi-group.com\/servizi\/"},{"@type":"ListItem","position":3,"name":"Truck Services","item":"https:\/\/galardi-group.com\/servizi\/truck-services\/"},{"@type":"ListItem","position":4,"name":"Servizio LTL &#8211; less truck than load"}]},{"@type":"WebSite","@id":"https:\/\/galardi-group.com\/#website","url":"https:\/\/galardi-group.com\/","name":"Grupo Galardi","description":"Env\u00edos internacionales","publisher":{"@id":"https:\/\/galardi-group.com\/#organization"},"potentialAction":[{"@type":"SearchAction","target":{"@type":"EntryPoint","urlTemplate":"https:\/\/galardi-group.com\/?s={search_term_string}"},"query-input":{"@type":"PropertyValueSpecification","valueRequired":true,"valueName":"search_term_string"}}],"inLanguage":"es"},{"@type":"Organization","@id":"https:\/\/galardi-group.com\/#organization","name":"Galardi Group Freight Forwarding Logistics","url":"https:\/\/galardi-group.com\/","logo":{"@type":"ImageObject","inLanguage":"es","@id":"https:\/\/galardi-group.com\/#\/schema\/logo\/image\/","url":"https:\/\/i0.wp.com\/galardi-group.com\/wp-content\/uploads\/2022\/04\/Galardi-Group-logo-b.png?fit=1029%2C251&ssl=1","contentUrl":"https:\/\/i0.wp.com\/galardi-group.com\/wp-content\/uploads\/2022\/04\/Galardi-Group-logo-b.png?fit=1029%2C251&ssl=1","width":1029,"height":251,"caption":"Galardi Group Freight Forwarding Logistics"},"image":{"@id":"https:\/\/galardi-group.com\/#\/schema\/logo\/image\/"},"sameAs":["https:\/\/www.facebook.com\/galardigruppo","https:\/\/www.instagram.com\/galardi_group\/","https:\/\/www.linkedin.com\/company\/galardi-s.r.l."]}]}},"jetpack_sharing_enabled":true,"_links":{"self":[{"href":"https:\/\/galardi-group.com\/es\/wp-json\/wp\/v2\/pages\/64","targetHints":{"allow":["GET"]}}],"collection":[{"href":"https:\/\/galardi-group.com\/es\/wp-json\/wp\/v2\/pages"}],"about":[{"href":"https:\/\/galardi-group.com\/es\/wp-json\/wp\/v2\/types\/page"}],"author":[{"embeddable":true,"href":"https:\/\/galardi-group.com\/es\/wp-json\/wp\/v2\/users\/2"}],"replies":[{"embeddable":true,"href":"https:\/\/galardi-group.com\/es\/wp-json\/wp\/v2\/comments?post=64"}],"version-history":[{"count":32,"href":"https:\/\/galardi-group.com\/es\/wp-json\/wp\/v2\/pages\/64\/revisions"}],"predecessor-version":[{"id":8177,"href":"https:\/\/galardi-group.com\/es\/wp-json\/wp\/v2\/pages\/64\/revisions\/8177"}],"up":[{"embeddable":true,"href":"https:\/\/galardi-group.com\/es\/wp-json\/wp\/v2\/pages\/30"}],"wp:attachment":[{"href":"https:\/\/galardi-group.com\/es\/wp-json\/wp\/v2\/media?parent=64"}],"curies":[{"name":"wp","href":"https:\/\/api.w.org\/{rel}","templated":true}]}}