{"id":861,"date":"2022-03-30T08:17:35","date_gmt":"2022-03-30T08:17:35","guid":{"rendered":"https:\/\/galardi-group.com\/?page_id=861"},"modified":"2025-05-22T18:01:32","modified_gmt":"2025-05-22T16:01:32","slug":"certificazioni","status":"publish","type":"page","link":"https:\/\/galardi-group.com\/en\/certificazioni\/","title":{"rendered":"Certifications"},"content":{"rendered":"<p>[et_pb_section fb_built=&#8221;1&#8243; _builder_version=&#8221;4.16&#8243; _module_preset=&#8221;default&#8221; da_disable_devices=&#8221;off|off|off&#8221; global_colors_info=&#8221;{}&#8221; da_is_popup=&#8221;off&#8221; da_exit_intent=&#8221;off&#8221; da_has_close=&#8221;on&#8221; da_alt_close=&#8221;off&#8221; da_dark_close=&#8221;off&#8221; da_not_modal=&#8221;on&#8221; da_is_singular=&#8221;off&#8221; da_with_loader=&#8221;off&#8221; da_has_shadow=&#8221;on&#8221;][et_pb_row _builder_version=&#8221;4.16&#8243; _module_preset=&#8221;default&#8221; custom_padding=&#8221;||4px|||&#8221; global_colors_info=&#8221;{}&#8221;][et_pb_column type=&#8221;4_4&#8243; _builder_version=&#8221;4.16&#8243; _module_preset=&#8221;default&#8221; global_colors_info=&#8221;{}&#8221;][et_pb_text _builder_version=&#8221;4.21.0&#8243; _module_preset=&#8221;default&#8221; text_font=&#8221;Roboto|700||on|||||&#8221; text_text_color=&#8221;#164194&#8243; text_font_size=&#8221;35px&#8221; header_font=&#8221;Roboto|700|||||||&#8221; header_text_align=&#8221;center&#8221; header_text_color=&#8221;#164194&#8243; header_font_size=&#8221;35px&#8221; custom_margin=&#8221;||41px|||&#8221; custom_padding=&#8221;||||false|false&#8221; global_colors_info=&#8221;{}&#8221;]<\/p>\n<h1 style=\"text-align: center;\"><strong>certificazioni<\/strong><\/h1>\n<p>[\/et_pb_text][et_pb_text _builder_version=&#8221;4.21.0&#8243; _module_preset=&#8221;default&#8221; text_font=&#8221;Roboto||||||||&#8221; text_text_color=&#8221;#164194&#8243; text_font_size=&#8221;17px&#8221; header_font=&#8221;Roboto||||||||&#8221; header_text_align=&#8221;left&#8221; header_text_color=&#8221;#164194&#8243; header_font_size=&#8221;20px&#8221; custom_margin=&#8221;-31px|||||&#8221; custom_padding=&#8221;12px|||||&#8221; global_colors_info=&#8221;{}&#8221;]<\/p>\n<p>Sei alla ricerca di un partner affidabile che gestisca la logistica e le spedizioni per la tua azienda, allontanando ogni imprevisto? Sarai felice di sapere che Galardi Group \u00e8 in possesso di alcune certificazioni e accrediti che sono sinonimo di qualit\u00e0, impegno e seriet\u00e0. Una garanzia di competenza che eliminer\u00e0 ogni preoccupazione, con la certezza di essere nelle mani di un\u2019azienda sempre aggiornata sul rispetto delle normative vigenti.<\/p>\n<p>[\/et_pb_text][\/et_pb_column][\/et_pb_row][et_pb_row column_structure=&#8221;1_2,1_2&#8243; disabled_on=&#8221;on|on|off&#8221; _builder_version=&#8221;4.27.4&#8243; _module_preset=&#8221;default&#8221; global_colors_info=&#8221;{}&#8221;][et_pb_column type=&#8221;1_2&#8243; _builder_version=&#8221;4.16&#8243; _module_preset=&#8221;default&#8221; global_colors_info=&#8221;{}&#8221;][et_pb_text admin_label=&#8221;Testo&#8221; _builder_version=&#8221;4.27.4&#8243; _module_preset=&#8221;default&#8221; text_font=&#8221;Roboto||||||||&#8221; text_text_color=&#8221;#164194&#8243; header_font=&#8221;Roboto||||||||&#8221; header_text_color=&#8221;#e74f1c&#8221; header_2_font=&#8221;Roboto||||||||&#8221; header_2_text_align=&#8221;left&#8221; header_2_text_color=&#8221;#e74f1c&#8221; header_2_font_size=&#8221;30px&#8221; custom_margin=&#8221;||21px||false|false&#8221; global_colors_info=&#8221;{}&#8221;]<\/p>\n<h2><b>CERTIFICAZIONE UNI EN ISO 9001:2015<\/b><\/h2>\n<p>[\/et_pb_text][et_pb_text _builder_version=&#8221;4.27.4&#8243; _module_preset=&#8221;default&#8221; text_font=&#8221;Roboto||||||||&#8221; text_text_color=&#8221;#164194&#8243; text_font_size=&#8221;15px&#8221; header_font=&#8221;Roboto||||||||&#8221; header_text_color=&#8221;#164194&#8243; custom_margin=&#8221;||||false|false&#8221; custom_padding=&#8221;||||false|false&#8221; link_option_url_new_window=&#8221;on&#8221; global_colors_info=&#8221;{}&#8221;]<\/p>\n<p>\u200bQuesta certificazione garantisce il nostro <b>impegno costante per l\u2019efficienza, l\u2019affidabilit\u00e0 dei processi e il miglioramento continuo<\/b>.<br \/>Un valore aggiunto che si traduce in un servizio sempre pi\u00f9 <b>sicuro, trasparente e orientato alla soddisfazione del cliente<\/b>.<br \/>Certificazione UNI EN ISO 9001:2015 \u00e8 riconoscimento internazionale che attesta la qualit\u00e0 del nostro sistema di gestione.<\/p>\n<p>[\/et_pb_text][et_pb_button button_url=&#8221;@ET-DC@eyJkeW5hbWljIjp0cnVlLCJjb250ZW50IjoicG9zdF9saW5rX3VybF9hdHRhY2htZW50Iiwic2V0dGluZ3MiOnsicG9zdF9pZCI6IjkxMDEifX0=@&#8221; url_new_window=&#8221;on&#8221; button_text=&#8221;Scarica Certificato&#8221; _builder_version=&#8221;4.27.4&#8243; _dynamic_attributes=&#8221;button_url&#8221; _module_preset=&#8221;default&#8221; custom_button=&#8221;on&#8221; button_text_color=&#8221;#FFFFFF&#8221; button_bg_color=&#8221;#164194&#8243; button_border_width=&#8221;0px&#8221; button_icon=&#8221;&#xe101;||divi||400&#8243; button_icon_color=&#8221;#EE7744&#8243; global_colors_info=&#8221;{}&#8221;][\/et_pb_button][\/et_pb_column][et_pb_column type=&#8221;1_2&#8243; _builder_version=&#8221;4.16&#8243; _module_preset=&#8221;default&#8221; global_colors_info=&#8221;{}&#8221;][et_pb_image src=&#8221;https:\/\/galardi-group.com\/wp-content\/uploads\/2025\/05\/ISO-9001.png&#8221; title_text=&#8221;ISO 9001&#8243; align=&#8221;right&#8221; align_tablet=&#8221;left&#8221; align_phone=&#8221;center&#8221; align_last_edited=&#8221;on|desktop&#8221; _builder_version=&#8221;4.27.4&#8243; _module_preset=&#8221;default&#8221; module_alignment=&#8221;right&#8221; hover_enabled=&#8221;0&#8243; global_colors_info=&#8221;{}&#8221; sticky_enabled=&#8221;0&#8243; custom_padding=&#8221;20%||||false|false&#8221;][\/et_pb_image][\/et_pb_column][\/et_pb_row][et_pb_row column_structure=&#8221;1_2,1_2&#8243; _builder_version=&#8221;4.16&#8243; _module_preset=&#8221;default&#8221; custom_margin=&#8221;32px|auto||auto||&#8221; global_colors_info=&#8221;{}&#8221;][et_pb_column type=&#8221;1_2&#8243; _builder_version=&#8221;4.16&#8243; _module_preset=&#8221;default&#8221; global_colors_info=&#8221;{}&#8221;][et_pb_image src=&#8221;https:\/\/galardi-group.com\/wp-content\/uploads\/2023\/01\/Certificazione-IATA.jpg&#8221; title_text=&#8221;Certificazione-IATA&#8221; align_tablet=&#8221;left&#8221; align_phone=&#8221;left&#8221; align_last_edited=&#8221;on|desktop&#8221; _builder_version=&#8221;4.21.0&#8243; _module_preset=&#8221;default&#8221; global_colors_info=&#8221;{}&#8221;][\/et_pb_image][\/et_pb_column][et_pb_column type=&#8221;1_2&#8243; _builder_version=&#8221;4.16&#8243; _module_preset=&#8221;default&#8221; global_colors_info=&#8221;{}&#8221;][et_pb_text _builder_version=&#8221;4.21.0&#8243; _module_preset=&#8221;default&#8221; text_font=&#8221;Roboto||||||||&#8221; text_text_color=&#8221;#164194&#8243; header_font=&#8221;Roboto||||||||&#8221; header_text_color=&#8221;#e74f1c&#8221; header_2_font=&#8221;Roboto||||||||&#8221; header_2_text_align=&#8221;left&#8221; header_2_text_color=&#8221;#e74f1c&#8221; header_2_font_size=&#8221;30px&#8221; custom_margin=&#8221;||21px|||&#8221; global_colors_info=&#8221;{}&#8221;]<\/p>\n<h2><strong>IATA<\/strong><\/h2>\n<p>[\/et_pb_text][et_pb_text _builder_version=&#8221;4.21.0&#8243; _module_preset=&#8221;default&#8221; text_font=&#8221;Roboto||||||||&#8221; text_text_color=&#8221;#164194&#8243; text_font_size=&#8221;15px&#8221; header_font=&#8221;Roboto||||||||&#8221; header_text_color=&#8221;#164194&#8243; custom_margin=&#8221;||||false|false&#8221; custom_padding=&#8221;||||false|false&#8221; global_colors_info=&#8221;{}&#8221;]<\/p>\n<p>Galardi Group \u00e8 agente IATA (numero 38474180010) e agisce per conto delle compagnie aeree nel trasporto di merci via aerea. Questo permette di offrire al cliente il massimo supporto per questo genere di spedizioni, consentendo di risparmiare tempo e denaro. Il nostro team sempre aggiornato si occupa del trasporto, stoccaggio, imballaggio e della relativa documentazione.<\/p>\n<p>Essendo agenti IATA, siamo il partner ideale per movimentare anche merci pericolose (DGR) in tutta sicurezza grazie ai nostri consulenti formati per questo tipo di trasporti.<\/p>\n<p>[\/et_pb_text][\/et_pb_column][\/et_pb_row][et_pb_row column_structure=&#8221;1_2,1_2&#8243; _builder_version=&#8221;4.16&#8243; _module_preset=&#8221;default&#8221; global_colors_info=&#8221;{}&#8221;][et_pb_column type=&#8221;1_2&#8243; _builder_version=&#8221;4.16&#8243; _module_preset=&#8221;default&#8221; global_colors_info=&#8221;{}&#8221;][et_pb_text _builder_version=&#8221;4.21.0&#8243; _module_preset=&#8221;default&#8221; text_font=&#8221;Roboto||||||||&#8221; text_text_color=&#8221;#164194&#8243; header_font=&#8221;Roboto||||||||&#8221; header_text_color=&#8221;#e74f1c&#8221; header_2_font=&#8221;Roboto||||||||&#8221; header_2_text_align=&#8221;left&#8221; header_2_text_color=&#8221;#e74f1c&#8221; header_2_font_size=&#8221;30px&#8221; custom_margin=&#8221;||21px||false|false&#8221; global_colors_info=&#8221;{}&#8221;]<\/p>\n<h2><strong>ACCISA<\/strong><\/h2>\n<p>[\/et_pb_text][et_pb_text _builder_version=&#8221;4.21.0&#8243; _module_preset=&#8221;default&#8221; text_font=&#8221;Roboto||||||||&#8221; text_text_color=&#8221;#164194&#8243; text_font_size=&#8221;15px&#8221; header_font=&#8221;Roboto||||||||&#8221; header_text_color=&#8221;#164194&#8243; custom_margin=&#8221;||||false|false&#8221; custom_padding=&#8221;||||false|false&#8221; global_colors_info=&#8221;{}&#8221;]<\/p>\n<p>Galardi \u00e8 abilitata a movimentare prodotti sottoposti ad accisa, immessi in consumo in uno Stato membro e successivamente trasportati in un altro Paese dell\u2019Unione Europea per essere commercializzati. Si pu\u00f2 parlare infatti di \u201cspeditore certificato\u201d, che ha ottenuto autorizzazione dell\u2019Agenzia delle Dogane e dei Monopoli. Disponiamo inoltre di un magazzino doganale per la custodia di merci provenienti da Paesi intercontinentali o extra UE che costituisce una Free-Zone fino alla procedura di sdoganamento delle merci.<\/p>\n<p>[\/et_pb_text][\/et_pb_column][et_pb_column type=&#8221;1_2&#8243; _builder_version=&#8221;4.16&#8243; _module_preset=&#8221;default&#8221; global_colors_info=&#8221;{}&#8221;][et_pb_image src=&#8221;https:\/\/galardi-group.com\/wp-content\/uploads\/2023\/01\/Certificazione-ACCISA.jpg&#8221; title_text=&#8221;Certificazione-ACCISA&#8221; align=&#8221;right&#8221; align_tablet=&#8221;left&#8221; align_phone=&#8221;center&#8221; align_last_edited=&#8221;on|desktop&#8221; _builder_version=&#8221;4.21.0&#8243; _module_preset=&#8221;default&#8221; module_alignment=&#8221;right&#8221; global_colors_info=&#8221;{}&#8221;][\/et_pb_image][\/et_pb_column][\/et_pb_row][\/et_pb_section]<\/p>\n","protected":false},"excerpt":{"rendered":"<p>certificazioniSei alla ricerca di un partner affidabile che gestisca la logistica e le spedizioni per la tua azienda, allontanando ogni imprevisto? Sarai felice di sapere che Galardi Group \u00e8 in possesso di alcune certificazioni e accrediti che sono sinonimo di qualit\u00e0, impegno e seriet\u00e0. Una garanzia di competenza che eliminer\u00e0 ogni preoccupazione, con la certezza [&hellip;]<\/p>\n","protected":false},"author":4,"featured_media":0,"parent":0,"menu_order":0,"comment_status":"closed","ping_status":"closed","template":"","meta":{"_et_pb_use_builder":"on","_et_pb_old_content":"","_et_gb_content_width":"","footnotes":""},"class_list":["post-861","page","type-page","status-publish","hentry"],"yoast_head":"<!-- This site is optimized with the Yoast SEO plugin v27.3 - https:\/\/yoast.com\/product\/yoast-seo-wordpress\/ -->\n<title>Certificazioni | Galardi Group<\/title>\n<meta name=\"description\" content=\"Scopri le certificazioni e gli accrediti di Galardi, sinonimo di qualit\u00e0 e competenze. Visita la sezione per saperne di pi\u00f9.\" \/>\n<meta name=\"robots\" content=\"index, follow, max-snippet:-1, max-image-preview:large, max-video-preview:-1\" \/>\n<link rel=\"canonical\" href=\"https:\/\/galardi-group.com\/en\/certificazioni\/\" \/>\n<meta property=\"og:locale\" content=\"en_GB\" \/>\n<meta property=\"og:type\" content=\"article\" \/>\n<meta property=\"og:title\" content=\"Certificazioni | Galardi Group\" \/>\n<meta property=\"og:description\" content=\"Scopri le certificazioni e gli accrediti di Galardi, sinonimo di qualit\u00e0 e competenze. Visita la sezione per saperne di pi\u00f9.\" \/>\n<meta property=\"og:url\" content=\"https:\/\/galardi-group.com\/en\/certificazioni\/\" \/>\n<meta property=\"og:site_name\" content=\"Galardi Group\" \/>\n<meta property=\"article:publisher\" content=\"https:\/\/www.facebook.com\/galardigruppo\" \/>\n<meta property=\"article:modified_time\" content=\"2025-05-22T16:01:32+00:00\" \/>\n<meta name=\"twitter:card\" content=\"summary_large_image\" \/>\n<meta name=\"twitter:label1\" content=\"Estimated reading time\" \/>\n\t<meta name=\"twitter:data1\" content=\"3 minutes\" \/>\n<script type=\"application\/ld+json\" class=\"yoast-schema-graph\">{\"@context\":\"https:\\\/\\\/schema.org\",\"@graph\":[{\"@type\":\"WebPage\",\"@id\":\"https:\\\/\\\/galardi-group.com\\\/certificazioni\\\/\",\"url\":\"https:\\\/\\\/galardi-group.com\\\/certificazioni\\\/\",\"name\":\"Certificazioni | Galardi Group\",\"isPartOf\":{\"@id\":\"https:\\\/\\\/galardi-group.com\\\/#website\"},\"datePublished\":\"2022-03-30T08:17:35+00:00\",\"dateModified\":\"2025-05-22T16:01:32+00:00\",\"description\":\"Scopri le certificazioni e gli accrediti di Galardi, sinonimo di qualit\u00e0 e competenze. Visita la sezione per saperne di pi\u00f9.\",\"breadcrumb\":{\"@id\":\"https:\\\/\\\/galardi-group.com\\\/certificazioni\\\/#breadcrumb\"},\"inLanguage\":\"en-GB\",\"potentialAction\":[{\"@type\":\"ReadAction\",\"target\":[\"https:\\\/\\\/galardi-group.com\\\/certificazioni\\\/\"]}]},{\"@type\":\"BreadcrumbList\",\"@id\":\"https:\\\/\\\/galardi-group.com\\\/certificazioni\\\/#breadcrumb\",\"itemListElement\":[{\"@type\":\"ListItem\",\"position\":1,\"name\":\"Home\",\"item\":\"https:\\\/\\\/galardi-group.com\\\/\"},{\"@type\":\"ListItem\",\"position\":2,\"name\":\"Certificazioni\"}]},{\"@type\":\"WebSite\",\"@id\":\"https:\\\/\\\/galardi-group.com\\\/#website\",\"url\":\"https:\\\/\\\/galardi-group.com\\\/\",\"name\":\"Galardi Group\",\"description\":\"Spedizioni internazionali\",\"publisher\":{\"@id\":\"https:\\\/\\\/galardi-group.com\\\/#organization\"},\"potentialAction\":[{\"@type\":\"SearchAction\",\"target\":{\"@type\":\"EntryPoint\",\"urlTemplate\":\"https:\\\/\\\/galardi-group.com\\\/?s={search_term_string}\"},\"query-input\":{\"@type\":\"PropertyValueSpecification\",\"valueRequired\":true,\"valueName\":\"search_term_string\"}}],\"inLanguage\":\"en-GB\"},{\"@type\":\"Organization\",\"@id\":\"https:\\\/\\\/galardi-group.com\\\/#organization\",\"name\":\"Galardi Group Freight Forwarding Logistics\",\"url\":\"https:\\\/\\\/galardi-group.com\\\/\",\"logo\":{\"@type\":\"ImageObject\",\"inLanguage\":\"en-GB\",\"@id\":\"https:\\\/\\\/galardi-group.com\\\/#\\\/schema\\\/logo\\\/image\\\/\",\"url\":\"https:\\\/\\\/i0.wp.com\\\/galardi-group.com\\\/wp-content\\\/uploads\\\/2022\\\/04\\\/Galardi-Group-logo-b.png?fit=1029%2C251&ssl=1\",\"contentUrl\":\"https:\\\/\\\/i0.wp.com\\\/galardi-group.com\\\/wp-content\\\/uploads\\\/2022\\\/04\\\/Galardi-Group-logo-b.png?fit=1029%2C251&ssl=1\",\"width\":1029,\"height\":251,\"caption\":\"Galardi Group Freight Forwarding Logistics\"},\"image\":{\"@id\":\"https:\\\/\\\/galardi-group.com\\\/#\\\/schema\\\/logo\\\/image\\\/\"},\"sameAs\":[\"https:\\\/\\\/www.facebook.com\\\/galardigruppo\",\"https:\\\/\\\/www.instagram.com\\\/galardi_group\\\/\",\"https:\\\/\\\/www.linkedin.com\\\/company\\\/galardi-s.r.l.\"]}]}<\/script>\n<!-- \/ Yoast SEO plugin. -->","yoast_head_json":{"title":"Certifications | Galardi Group","description":"Discover Galardi's certifications and accreditations, synonymous with quality and expertise. Visit the section to learn more.","robots":{"index":"index","follow":"follow","max-snippet":"max-snippet:-1","max-image-preview":"max-image-preview:large","max-video-preview":"max-video-preview:-1"},"canonical":"https:\/\/galardi-group.com\/en\/certificazioni\/","og_locale":"en_GB","og_type":"article","og_title":"Certificazioni | Galardi Group","og_description":"Scopri le certificazioni e gli accrediti di Galardi, sinonimo di qualit\u00e0 e competenze. Visita la sezione per saperne di pi\u00f9.","og_url":"https:\/\/galardi-group.com\/en\/certificazioni\/","og_site_name":"Galardi Group","article_publisher":"https:\/\/www.facebook.com\/galardigruppo","article_modified_time":"2025-05-22T16:01:32+00:00","twitter_card":"summary_large_image","twitter_misc":{"Estimated reading time":"3 minutes"},"schema":{"@context":"https:\/\/schema.org","@graph":[{"@type":"WebPage","@id":"https:\/\/galardi-group.com\/certificazioni\/","url":"https:\/\/galardi-group.com\/certificazioni\/","name":"Certifications | Galardi Group","isPartOf":{"@id":"https:\/\/galardi-group.com\/#website"},"datePublished":"2022-03-30T08:17:35+00:00","dateModified":"2025-05-22T16:01:32+00:00","description":"Discover Galardi's certifications and accreditations, synonymous with quality and expertise. Visit the section to learn more.","breadcrumb":{"@id":"https:\/\/galardi-group.com\/certificazioni\/#breadcrumb"},"inLanguage":"en-GB","potentialAction":[{"@type":"ReadAction","target":["https:\/\/galardi-group.com\/certificazioni\/"]}]},{"@type":"BreadcrumbList","@id":"https:\/\/galardi-group.com\/certificazioni\/#breadcrumb","itemListElement":[{"@type":"ListItem","position":1,"name":"Home","item":"https:\/\/galardi-group.com\/"},{"@type":"ListItem","position":2,"name":"Certificazioni"}]},{"@type":"WebSite","@id":"https:\/\/galardi-group.com\/#website","url":"https:\/\/galardi-group.com\/","name":"Galardi Group","description":"International Shipments","publisher":{"@id":"https:\/\/galardi-group.com\/#organization"},"potentialAction":[{"@type":"SearchAction","target":{"@type":"EntryPoint","urlTemplate":"https:\/\/galardi-group.com\/?s={search_term_string}"},"query-input":{"@type":"PropertyValueSpecification","valueRequired":true,"valueName":"search_term_string"}}],"inLanguage":"en-GB"},{"@type":"Organization","@id":"https:\/\/galardi-group.com\/#organization","name":"Galardi Group Freight Forwarding Logistics","url":"https:\/\/galardi-group.com\/","logo":{"@type":"ImageObject","inLanguage":"en-GB","@id":"https:\/\/galardi-group.com\/#\/schema\/logo\/image\/","url":"https:\/\/i0.wp.com\/galardi-group.com\/wp-content\/uploads\/2022\/04\/Galardi-Group-logo-b.png?fit=1029%2C251&ssl=1","contentUrl":"https:\/\/i0.wp.com\/galardi-group.com\/wp-content\/uploads\/2022\/04\/Galardi-Group-logo-b.png?fit=1029%2C251&ssl=1","width":1029,"height":251,"caption":"Galardi Group Freight Forwarding Logistics"},"image":{"@id":"https:\/\/galardi-group.com\/#\/schema\/logo\/image\/"},"sameAs":["https:\/\/www.facebook.com\/galardigruppo","https:\/\/www.instagram.com\/galardi_group\/","https:\/\/www.linkedin.com\/company\/galardi-s.r.l."]}]}},"jetpack_sharing_enabled":true,"_links":{"self":[{"href":"https:\/\/galardi-group.com\/en\/wp-json\/wp\/v2\/pages\/861","targetHints":{"allow":["GET"]}}],"collection":[{"href":"https:\/\/galardi-group.com\/en\/wp-json\/wp\/v2\/pages"}],"about":[{"href":"https:\/\/galardi-group.com\/en\/wp-json\/wp\/v2\/types\/page"}],"author":[{"embeddable":true,"href":"https:\/\/galardi-group.com\/en\/wp-json\/wp\/v2\/users\/4"}],"replies":[{"embeddable":true,"href":"https:\/\/galardi-group.com\/en\/wp-json\/wp\/v2\/comments?post=861"}],"version-history":[{"count":29,"href":"https:\/\/galardi-group.com\/en\/wp-json\/wp\/v2\/pages\/861\/revisions"}],"predecessor-version":[{"id":9143,"href":"https:\/\/galardi-group.com\/en\/wp-json\/wp\/v2\/pages\/861\/revisions\/9143"}],"wp:attachment":[{"href":"https:\/\/galardi-group.com\/en\/wp-json\/wp\/v2\/media?parent=861"}],"curies":[{"name":"wp","href":"https:\/\/api.w.org\/{rel}","templated":true}]}}